{"id":10767,"date":"2024-04-25T02:37:00","date_gmt":"2024-04-25T00:37:00","guid":{"rendered":"https:\/\/www.sminn.sk\/produkt\/fastbox-xl-150-kw-2xdc-1xac\/"},"modified":"2025-06-02T15:18:58","modified_gmt":"2025-06-02T13:18:58","slug":"fastbox-xl-150-kw-2xdc-1xac","status":"publish","type":"product","link":"https:\/\/www.sminn.sk\/en\/produkt\/fastbox-xl-150-kw-2xdc-1xac\/","title":{"rendered":"FastBox XL 150 kW 2xDC, 1xAC"},"content":{"rendered":"<p><span data-sheets-root=\"1\" data-sheets-value=\"{\"1\":2,\"2\":\"Tri vozidl\u00e1 s\u00fa\u010dasne\\nS\u00fa\u0161asn\u00e9 nab\u00edjanie a\u017e troch\\nvozidiel\\nVzdialen\u00fd odpo\u010det\\nCertifikovan\u00e9 faktura\u010dn\u00e9 meradlo\\nso vzdialen\u00fdm odpo\u010dtom\\nPlatobn\u00e9 karty\\nMo\u017enos\u0165 \u00fa\u010dtovania za nab\u00edjanie \/\\npou\u017eitie platobn\u00fdch kariet\\nVysok\u00fd v\u00fdkon\\nNab\u00edjac\u00ed v\u00fdkon 150kW umo\u017en\u00ed dobitie\\nauta za 30 min\u00fat na cca 210km\\ndojazdu.\\nInteligentn\u00e9 riadenie v\u00fdkonu\\nNie je potrebn\u00e9 navy\u0161ova\u0165 rezervovan\u00fa\\nkapacitu.\\nPriorita nab\u00edjania\\nNastavenie priority nab\u00edjania v z\u00e1vislosti\\nna VT a NT. (tarifn\u00e1 prev\u00e1dzka)\"}\" data-sheets-userformat=\"{\"2\":14845,\"3\":{\"1\":0,\"3\":1},\"5\":{\"1\":[{\"1\":2,\"2\":0,\"5\":{\"1\":2,\"2\":0}},{\"1\":0,\"2\":0,\"3\":3},{\"1\":1,\"2\":0,\"4\":1}]},\"6\":{\"1\":[{\"1\":2,\"2\":0,\"5\":{\"1\":2,\"2\":0}},{\"1\":0,\"2\":0,\"3\":3},{\"1\":1,\"2\":0,\"4\":1}]},\"7\":{\"1\":[{\"1\":2,\"2\":0,\"5\":{\"1\":2,\"2\":0}},{\"1\":0,\"2\":0,\"3\":3},{\"1\":1,\"2\":0,\"4\":1}]},\"8\":{\"1\":[{\"1\":2,\"2\":0,\"5\":{\"1\":2,\"2\":0}},{\"1\":0,\"2\":0,\"3\":3},{\"1\":1,\"2\":0,\"4\":1}]},\"9\":0,\"10\":0,\"11\":4,\"14\":{\"1\":2,\"2\":0},\"15\":\"Arial\",\"16\":10}\" data-sheets-textstyleruns=\"{\"1\":0,\"2\":{\"2\":{\"1\":3,\"3\":1},\"3\":\"Arial\",\"4\":11,\"5\":1}}\uee10{\"1\":19,\"2\":{\"2\":{\"1\":2,\"2\":0},\"3\":\"Arial\",\"4\":10}}\uee10{\"1\":56,\"2\":{\"2\":{\"1\":3,\"3\":1},\"3\":\"Arial\",\"4\":11,\"5\":1}}\uee10{\"1\":73,\"2\":{\"2\":{\"1\":2,\"2\":0},\"3\":\"Arial\",\"4\":10}}\uee10{\"1\":130,\"2\":{\"2\":{\"1\":3,\"3\":1},\"3\":\"Arial\",\"4\":11,\"5\":1}}\uee10{\"1\":144,\"2\":{\"2\":{\"1\":2,\"2\":0},\"3\":\"Arial\",\"4\":10}}\uee10{\"1\":205,\"2\":{\"2\":{\"1\":3,\"3\":1},\"3\":\"Arial\",\"4\":11,\"5\":1}}\uee10{\"1\":217,\"2\":{\"2\":{\"1\":2,\"2\":0},\"3\":\"Arial\",\"4\":10}}\uee10{\"1\":293,\"2\":{\"2\":{\"1\":3,\"3\":1},\"3\":\"Arial\",\"4\":11,\"5\":1}}\uee10{\"1\":321,\"2\":{\"2\":{\"1\":2,\"2\":0},\"3\":\"Arial\",\"4\":10}}\uee10{\"1\":370,\"2\":{\"2\":{\"1\":3,\"3\":1},\"3\":\"Arial\",\"4\":11,\"5\":1}}\uee10{\"1\":388,\"2\":{\"2\":{\"1\":2,\"2\":0},\"3\":\"Arial\",\"4\":10}}\"><strong>Three vehicles at the same time<\/strong><br \/>Simultaneous charging of up to three vehicles<br \/><\/span><\/p>\n<p><span data-sheets-root=\"1\" data-sheets-value=\"{\"1\":2,\"2\":\"Tri vozidl\u00e1 s\u00fa\u010dasne\\nS\u00fa\u0161asn\u00e9 nab\u00edjanie a\u017e troch\\nvozidiel\\nVzdialen\u00fd odpo\u010det\\nCertifikovan\u00e9 faktura\u010dn\u00e9 meradlo\\nso vzdialen\u00fdm odpo\u010dtom\\nPlatobn\u00e9 karty\\nMo\u017enos\u0165 \u00fa\u010dtovania za nab\u00edjanie \/\\npou\u017eitie platobn\u00fdch kariet\\nVysok\u00fd v\u00fdkon\\nNab\u00edjac\u00ed v\u00fdkon 150kW umo\u017en\u00ed dobitie\\nauta za 30 min\u00fat na cca 210km\\ndojazdu.\\nInteligentn\u00e9 riadenie v\u00fdkonu\\nNie je potrebn\u00e9 navy\u0161ova\u0165 rezervovan\u00fa\\nkapacitu.\\nPriorita nab\u00edjania\\nNastavenie priority nab\u00edjania v z\u00e1vislosti\\nna VT a NT. (tarifn\u00e1 prev\u00e1dzka)\"}\" data-sheets-userformat=\"{\"2\":14845,\"3\":{\"1\":0,\"3\":1},\"5\":{\"1\":[{\"1\":2,\"2\":0,\"5\":{\"1\":2,\"2\":0}},{\"1\":0,\"2\":0,\"3\":3},{\"1\":1,\"2\":0,\"4\":1}]},\"6\":{\"1\":[{\"1\":2,\"2\":0,\"5\":{\"1\":2,\"2\":0}},{\"1\":0,\"2\":0,\"3\":3},{\"1\":1,\"2\":0,\"4\":1}]},\"7\":{\"1\":[{\"1\":2,\"2\":0,\"5\":{\"1\":2,\"2\":0}},{\"1\":0,\"2\":0,\"3\":3},{\"1\":1,\"2\":0,\"4\":1}]},\"8\":{\"1\":[{\"1\":2,\"2\":0,\"5\":{\"1\":2,\"2\":0}},{\"1\":0,\"2\":0,\"3\":3},{\"1\":1,\"2\":0,\"4\":1}]},\"9\":0,\"10\":0,\"11\":4,\"14\":{\"1\":2,\"2\":0},\"15\":\"Arial\",\"16\":10}\" data-sheets-textstyleruns=\"{\"1\":0,\"2\":{\"2\":{\"1\":3,\"3\":1},\"3\":\"Arial\",\"4\":11,\"5\":1}}\uee10{\"1\":19,\"2\":{\"2\":{\"1\":2,\"2\":0},\"3\":\"Arial\",\"4\":10}}\uee10{\"1\":56,\"2\":{\"2\":{\"1\":3,\"3\":1},\"3\":\"Arial\",\"4\":11,\"5\":1}}\uee10{\"1\":73,\"2\":{\"2\":{\"1\":2,\"2\":0},\"3\":\"Arial\",\"4\":10}}\uee10{\"1\":130,\"2\":{\"2\":{\"1\":3,\"3\":1},\"3\":\"Arial\",\"4\":11,\"5\":1}}\uee10{\"1\":144,\"2\":{\"2\":{\"1\":2,\"2\":0},\"3\":\"Arial\",\"4\":10}}\uee10{\"1\":205,\"2\":{\"2\":{\"1\":3,\"3\":1},\"3\":\"Arial\",\"4\":11,\"5\":1}}\uee10{\"1\":217,\"2\":{\"2\":{\"1\":2,\"2\":0},\"3\":\"Arial\",\"4\":10}}\uee10{\"1\":293,\"2\":{\"2\":{\"1\":3,\"3\":1},\"3\":\"Arial\",\"4\":11,\"5\":1}}\uee10{\"1\":321,\"2\":{\"2\":{\"1\":2,\"2\":0},\"3\":\"Arial\",\"4\":10}}\uee10{\"1\":370,\"2\":{\"2\":{\"1\":3,\"3\":1},\"3\":\"Arial\",\"4\":11,\"5\":1}}\uee10{\"1\":388,\"2\":{\"2\":{\"1\":2,\"2\":0},\"3\":\"Arial\",\"4\":10}}\"><strong>Remote reading<\/strong><br \/>Certified billing meter with remote reading<\/span><\/p>\n<p><span data-sheets-root=\"1\" data-sheets-value=\"{\"1\":2,\"2\":\"Tri vozidl\u00e1 s\u00fa\u010dasne\\nS\u00fa\u0161asn\u00e9 nab\u00edjanie a\u017e troch\\nvozidiel\\nVzdialen\u00fd odpo\u010det\\nCertifikovan\u00e9 faktura\u010dn\u00e9 meradlo\\nso vzdialen\u00fdm odpo\u010dtom\\nPlatobn\u00e9 karty\\nMo\u017enos\u0165 \u00fa\u010dtovania za nab\u00edjanie \/\\npou\u017eitie platobn\u00fdch kariet\\nVysok\u00fd v\u00fdkon\\nNab\u00edjac\u00ed v\u00fdkon 150kW umo\u017en\u00ed dobitie\\nauta za 30 min\u00fat na cca 210km\\ndojazdu.\\nInteligentn\u00e9 riadenie v\u00fdkonu\\nNie je potrebn\u00e9 navy\u0161ova\u0165 rezervovan\u00fa\\nkapacitu.\\nPriorita nab\u00edjania\\nNastavenie priority nab\u00edjania v z\u00e1vislosti\\nna VT a NT. (tarifn\u00e1 prev\u00e1dzka)\"}\" data-sheets-userformat=\"{\"2\":14845,\"3\":{\"1\":0,\"3\":1},\"5\":{\"1\":[{\"1\":2,\"2\":0,\"5\":{\"1\":2,\"2\":0}},{\"1\":0,\"2\":0,\"3\":3},{\"1\":1,\"2\":0,\"4\":1}]},\"6\":{\"1\":[{\"1\":2,\"2\":0,\"5\":{\"1\":2,\"2\":0}},{\"1\":0,\"2\":0,\"3\":3},{\"1\":1,\"2\":0,\"4\":1}]},\"7\":{\"1\":[{\"1\":2,\"2\":0,\"5\":{\"1\":2,\"2\":0}},{\"1\":0,\"2\":0,\"3\":3},{\"1\":1,\"2\":0,\"4\":1}]},\"8\":{\"1\":[{\"1\":2,\"2\":0,\"5\":{\"1\":2,\"2\":0}},{\"1\":0,\"2\":0,\"3\":3},{\"1\":1,\"2\":0,\"4\":1}]},\"9\":0,\"10\":0,\"11\":4,\"14\":{\"1\":2,\"2\":0},\"15\":\"Arial\",\"16\":10}\" data-sheets-textstyleruns=\"{\"1\":0,\"2\":{\"2\":{\"1\":3,\"3\":1},\"3\":\"Arial\",\"4\":11,\"5\":1}}\uee10{\"1\":19,\"2\":{\"2\":{\"1\":2,\"2\":0},\"3\":\"Arial\",\"4\":10}}\uee10{\"1\":56,\"2\":{\"2\":{\"1\":3,\"3\":1},\"3\":\"Arial\",\"4\":11,\"5\":1}}\uee10{\"1\":73,\"2\":{\"2\":{\"1\":2,\"2\":0},\"3\":\"Arial\",\"4\":10}}\uee10{\"1\":130,\"2\":{\"2\":{\"1\":3,\"3\":1},\"3\":\"Arial\",\"4\":11,\"5\":1}}\uee10{\"1\":144,\"2\":{\"2\":{\"1\":2,\"2\":0},\"3\":\"Arial\",\"4\":10}}\uee10{\"1\":205,\"2\":{\"2\":{\"1\":3,\"3\":1},\"3\":\"Arial\",\"4\":11,\"5\":1}}\uee10{\"1\":217,\"2\":{\"2\":{\"1\":2,\"2\":0},\"3\":\"Arial\",\"4\":10}}\uee10{\"1\":293,\"2\":{\"2\":{\"1\":3,\"3\":1},\"3\":\"Arial\",\"4\":11,\"5\":1}}\uee10{\"1\":321,\"2\":{\"2\":{\"1\":2,\"2\":0},\"3\":\"Arial\",\"4\":10}}\uee10{\"1\":370,\"2\":{\"2\":{\"1\":3,\"3\":1},\"3\":\"Arial\",\"4\":11,\"5\":1}}\uee10{\"1\":388,\"2\":{\"2\":{\"1\":2,\"2\":0},\"3\":\"Arial\",\"4\":10}}\"><strong>Payment Cards<\/strong><br \/>Charging\/use of payment cards<br \/><\/span><\/p>\n<p><span data-sheets-root=\"1\" data-sheets-value=\"{\"1\":2,\"2\":\"Tri vozidl\u00e1 s\u00fa\u010dasne\\nS\u00fa\u0161asn\u00e9 nab\u00edjanie a\u017e troch\\nvozidiel\\nVzdialen\u00fd odpo\u010det\\nCertifikovan\u00e9 faktura\u010dn\u00e9 meradlo\\nso vzdialen\u00fdm odpo\u010dtom\\nPlatobn\u00e9 karty\\nMo\u017enos\u0165 \u00fa\u010dtovania za nab\u00edjanie \/\\npou\u017eitie platobn\u00fdch kariet\\nVysok\u00fd v\u00fdkon\\nNab\u00edjac\u00ed v\u00fdkon 150kW umo\u017en\u00ed dobitie\\nauta za 30 min\u00fat na cca 210km\\ndojazdu.\\nInteligentn\u00e9 riadenie v\u00fdkonu\\nNie je potrebn\u00e9 navy\u0161ova\u0165 rezervovan\u00fa\\nkapacitu.\\nPriorita nab\u00edjania\\nNastavenie priority nab\u00edjania v z\u00e1vislosti\\nna VT a NT. (tarifn\u00e1 prev\u00e1dzka)\"}\" data-sheets-userformat=\"{\"2\":14845,\"3\":{\"1\":0,\"3\":1},\"5\":{\"1\":[{\"1\":2,\"2\":0,\"5\":{\"1\":2,\"2\":0}},{\"1\":0,\"2\":0,\"3\":3},{\"1\":1,\"2\":0,\"4\":1}]},\"6\":{\"1\":[{\"1\":2,\"2\":0,\"5\":{\"1\":2,\"2\":0}},{\"1\":0,\"2\":0,\"3\":3},{\"1\":1,\"2\":0,\"4\":1}]},\"7\":{\"1\":[{\"1\":2,\"2\":0,\"5\":{\"1\":2,\"2\":0}},{\"1\":0,\"2\":0,\"3\":3},{\"1\":1,\"2\":0,\"4\":1}]},\"8\":{\"1\":[{\"1\":2,\"2\":0,\"5\":{\"1\":2,\"2\":0}},{\"1\":0,\"2\":0,\"3\":3},{\"1\":1,\"2\":0,\"4\":1}]},\"9\":0,\"10\":0,\"11\":4,\"14\":{\"1\":2,\"2\":0},\"15\":\"Arial\",\"16\":10}\" data-sheets-textstyleruns=\"{\"1\":0,\"2\":{\"2\":{\"1\":3,\"3\":1},\"3\":\"Arial\",\"4\":11,\"5\":1}}\uee10{\"1\":19,\"2\":{\"2\":{\"1\":2,\"2\":0},\"3\":\"Arial\",\"4\":10}}\uee10{\"1\":56,\"2\":{\"2\":{\"1\":3,\"3\":1},\"3\":\"Arial\",\"4\":11,\"5\":1}}\uee10{\"1\":73,\"2\":{\"2\":{\"1\":2,\"2\":0},\"3\":\"Arial\",\"4\":10}}\uee10{\"1\":130,\"2\":{\"2\":{\"1\":3,\"3\":1},\"3\":\"Arial\",\"4\":11,\"5\":1}}\uee10{\"1\":144,\"2\":{\"2\":{\"1\":2,\"2\":0},\"3\":\"Arial\",\"4\":10}}\uee10{\"1\":205,\"2\":{\"2\":{\"1\":3,\"3\":1},\"3\":\"Arial\",\"4\":11,\"5\":1}}\uee10{\"1\":217,\"2\":{\"2\":{\"1\":2,\"2\":0},\"3\":\"Arial\",\"4\":10}}\uee10{\"1\":293,\"2\":{\"2\":{\"1\":3,\"3\":1},\"3\":\"Arial\",\"4\":11,\"5\":1}}\uee10{\"1\":321,\"2\":{\"2\":{\"1\":2,\"2\":0},\"3\":\"Arial\",\"4\":10}}\uee10{\"1\":370,\"2\":{\"2\":{\"1\":3,\"3\":1},\"3\":\"Arial\",\"4\":11,\"5\":1}}\uee10{\"1\":388,\"2\":{\"2\":{\"1\":2,\"2\":0},\"3\":\"Arial\",\"4\":10}}\"><strong>High performance<\/strong><br \/>Charging power of 150kW will allow the car to be recharged in 30 minutes for a range of about 210km.<br \/><\/span><\/p>\n<p><span data-sheets-root=\"1\" data-sheets-value=\"{\"1\":2,\"2\":\"Tri vozidl\u00e1 s\u00fa\u010dasne\\nS\u00fa\u0161asn\u00e9 nab\u00edjanie a\u017e troch\\nvozidiel\\nVzdialen\u00fd odpo\u010det\\nCertifikovan\u00e9 faktura\u010dn\u00e9 meradlo\\nso vzdialen\u00fdm odpo\u010dtom\\nPlatobn\u00e9 karty\\nMo\u017enos\u0165 \u00fa\u010dtovania za nab\u00edjanie \/\\npou\u017eitie platobn\u00fdch kariet\\nVysok\u00fd v\u00fdkon\\nNab\u00edjac\u00ed v\u00fdkon 150kW umo\u017en\u00ed dobitie\\nauta za 30 min\u00fat na cca 210km\\ndojazdu.\\nInteligentn\u00e9 riadenie v\u00fdkonu\\nNie je potrebn\u00e9 navy\u0161ova\u0165 rezervovan\u00fa\\nkapacitu.\\nPriorita nab\u00edjania\\nNastavenie priority nab\u00edjania v z\u00e1vislosti\\nna VT a NT. (tarifn\u00e1 prev\u00e1dzka)\"}\" data-sheets-userformat=\"{\"2\":14845,\"3\":{\"1\":0,\"3\":1},\"5\":{\"1\":[{\"1\":2,\"2\":0,\"5\":{\"1\":2,\"2\":0}},{\"1\":0,\"2\":0,\"3\":3},{\"1\":1,\"2\":0,\"4\":1}]},\"6\":{\"1\":[{\"1\":2,\"2\":0,\"5\":{\"1\":2,\"2\":0}},{\"1\":0,\"2\":0,\"3\":3},{\"1\":1,\"2\":0,\"4\":1}]},\"7\":{\"1\":[{\"1\":2,\"2\":0,\"5\":{\"1\":2,\"2\":0}},{\"1\":0,\"2\":0,\"3\":3},{\"1\":1,\"2\":0,\"4\":1}]},\"8\":{\"1\":[{\"1\":2,\"2\":0,\"5\":{\"1\":2,\"2\":0}},{\"1\":0,\"2\":0,\"3\":3},{\"1\":1,\"2\":0,\"4\":1}]},\"9\":0,\"10\":0,\"11\":4,\"14\":{\"1\":2,\"2\":0},\"15\":\"Arial\",\"16\":10}\" data-sheets-textstyleruns=\"{\"1\":0,\"2\":{\"2\":{\"1\":3,\"3\":1},\"3\":\"Arial\",\"4\":11,\"5\":1}}\uee10{\"1\":19,\"2\":{\"2\":{\"1\":2,\"2\":0},\"3\":\"Arial\",\"4\":10}}\uee10{\"1\":56,\"2\":{\"2\":{\"1\":3,\"3\":1},\"3\":\"Arial\",\"4\":11,\"5\":1}}\uee10{\"1\":73,\"2\":{\"2\":{\"1\":2,\"2\":0},\"3\":\"Arial\",\"4\":10}}\uee10{\"1\":130,\"2\":{\"2\":{\"1\":3,\"3\":1},\"3\":\"Arial\",\"4\":11,\"5\":1}}\uee10{\"1\":144,\"2\":{\"2\":{\"1\":2,\"2\":0},\"3\":\"Arial\",\"4\":10}}\uee10{\"1\":205,\"2\":{\"2\":{\"1\":3,\"3\":1},\"3\":\"Arial\",\"4\":11,\"5\":1}}\uee10{\"1\":217,\"2\":{\"2\":{\"1\":2,\"2\":0},\"3\":\"Arial\",\"4\":10}}\uee10{\"1\":293,\"2\":{\"2\":{\"1\":3,\"3\":1},\"3\":\"Arial\",\"4\":11,\"5\":1}}\uee10{\"1\":321,\"2\":{\"2\":{\"1\":2,\"2\":0},\"3\":\"Arial\",\"4\":10}}\uee10{\"1\":370,\"2\":{\"2\":{\"1\":3,\"3\":1},\"3\":\"Arial\",\"4\":11,\"5\":1}}\uee10{\"1\":388,\"2\":{\"2\":{\"1\":2,\"2\":0},\"3\":\"Arial\",\"4\":10}}\"><strong>Intelligent power management<\/strong><br \/>There is no need to increase the reserved capacity.<br \/><\/span><\/p>\n<p><span data-sheets-root=\"1\" data-sheets-value=\"{\"1\":2,\"2\":\"Tri vozidl\u00e1 s\u00fa\u010dasne\\nS\u00fa\u0161asn\u00e9 nab\u00edjanie a\u017e troch\\nvozidiel\\nVzdialen\u00fd odpo\u010det\\nCertifikovan\u00e9 faktura\u010dn\u00e9 meradlo\\nso vzdialen\u00fdm odpo\u010dtom\\nPlatobn\u00e9 karty\\nMo\u017enos\u0165 \u00fa\u010dtovania za nab\u00edjanie \/\\npou\u017eitie platobn\u00fdch kariet\\nVysok\u00fd v\u00fdkon\\nNab\u00edjac\u00ed v\u00fdkon 150kW umo\u017en\u00ed dobitie\\nauta za 30 min\u00fat na cca 210km\\ndojazdu.\\nInteligentn\u00e9 riadenie v\u00fdkonu\\nNie je potrebn\u00e9 navy\u0161ova\u0165 rezervovan\u00fa\\nkapacitu.\\nPriorita nab\u00edjania\\nNastavenie priority nab\u00edjania v z\u00e1vislosti\\nna VT a NT. (tarifn\u00e1 prev\u00e1dzka)\"}\" data-sheets-userformat=\"{\"2\":14845,\"3\":{\"1\":0,\"3\":1},\"5\":{\"1\":[{\"1\":2,\"2\":0,\"5\":{\"1\":2,\"2\":0}},{\"1\":0,\"2\":0,\"3\":3},{\"1\":1,\"2\":0,\"4\":1}]},\"6\":{\"1\":[{\"1\":2,\"2\":0,\"5\":{\"1\":2,\"2\":0}},{\"1\":0,\"2\":0,\"3\":3},{\"1\":1,\"2\":0,\"4\":1}]},\"7\":{\"1\":[{\"1\":2,\"2\":0,\"5\":{\"1\":2,\"2\":0}},{\"1\":0,\"2\":0,\"3\":3},{\"1\":1,\"2\":0,\"4\":1}]},\"8\":{\"1\":[{\"1\":2,\"2\":0,\"5\":{\"1\":2,\"2\":0}},{\"1\":0,\"2\":0,\"3\":3},{\"1\":1,\"2\":0,\"4\":1}]},\"9\":0,\"10\":0,\"11\":4,\"14\":{\"1\":2,\"2\":0},\"15\":\"Arial\",\"16\":10}\" data-sheets-textstyleruns=\"{\"1\":0,\"2\":{\"2\":{\"1\":3,\"3\":1},\"3\":\"Arial\",\"4\":11,\"5\":1}}\uee10{\"1\":19,\"2\":{\"2\":{\"1\":2,\"2\":0},\"3\":\"Arial\",\"4\":10}}\uee10{\"1\":56,\"2\":{\"2\":{\"1\":3,\"3\":1},\"3\":\"Arial\",\"4\":11,\"5\":1}}\uee10{\"1\":73,\"2\":{\"2\":{\"1\":2,\"2\":0},\"3\":\"Arial\",\"4\":10}}\uee10{\"1\":130,\"2\":{\"2\":{\"1\":3,\"3\":1},\"3\":\"Arial\",\"4\":11,\"5\":1}}\uee10{\"1\":144,\"2\":{\"2\":{\"1\":2,\"2\":0},\"3\":\"Arial\",\"4\":10}}\uee10{\"1\":205,\"2\":{\"2\":{\"1\":3,\"3\":1},\"3\":\"Arial\",\"4\":11,\"5\":1}}\uee10{\"1\":217,\"2\":{\"2\":{\"1\":2,\"2\":0},\"3\":\"Arial\",\"4\":10}}\uee10{\"1\":293,\"2\":{\"2\":{\"1\":3,\"3\":1},\"3\":\"Arial\",\"4\":11,\"5\":1}}\uee10{\"1\":321,\"2\":{\"2\":{\"1\":2,\"2\":0},\"3\":\"Arial\",\"4\":10}}\uee10{\"1\":370,\"2\":{\"2\":{\"1\":3,\"3\":1},\"3\":\"Arial\",\"4\":11,\"5\":1}}\uee10{\"1\":388,\"2\":{\"2\":{\"1\":2,\"2\":0},\"3\":\"Arial\",\"4\":10}}\"><strong>Charging priority<\/strong><br \/>Charging priority setting depending on VT and NT. (tariff operation)<\/span><\/p>\n","protected":false},"excerpt":{"rendered":"<p>Flexible, reliable and powerful. With up to<br \/>150 kW, FastBox sets a completely new standard for<br \/>fast charging stations.<\/p>\n","protected":false},"featured_media":10485,"template":"","meta":{"_acf_changed":false},"product_cat":[468],"product_tag":[],"acf":[],"yoast_head":"<!-- This site is optimized with the Yoast SEO plugin v22.9 - https:\/\/yoast.com\/wordpress\/plugins\/seo\/ -->\n<title>FastBox XL 150kW 2xDC, 1xAC fast charger | Sminn.sk<\/title>\n<meta name=\"description\" content=\"Flexible, reliable and powerful. With an output of up to 150 kW, the FastBox XL sets a completely new standard for fast charging stations.\" \/>\n<meta name=\"robots\" content=\"index, follow, max-snippet:-1, max-image-preview:large, max-video-preview:-1\" \/>\n<link rel=\"canonical\" href=\"https:\/\/www.sminn.sk\/en\/produkt\/fastbox-xl-150-kw-2xdc-1xac\/\" \/>\n<meta property=\"og:locale\" content=\"en_US\" \/>\n<meta property=\"og:type\" content=\"article\" \/>\n<meta property=\"og:title\" content=\"FastBox XL 150kW 2xDC, 1xAC fast charger | Sminn.sk\" \/>\n<meta property=\"og:description\" content=\"Flexible, reliable and powerful. With an output of up to 150 kW, the FastBox XL sets a completely new standard for fast charging stations.\" \/>\n<meta property=\"og:url\" content=\"https:\/\/www.sminn.sk\/en\/produkt\/fastbox-xl-150-kw-2xdc-1xac\/\" \/>\n<meta property=\"og:site_name\" content=\"Sminn.sk\" \/>\n<meta property=\"article:publisher\" content=\"https:\/\/www.facebook.com\/sminnemobility\" \/>\n<meta property=\"article:modified_time\" content=\"2025-06-02T13:18:58+00:00\" \/>\n<meta property=\"og:image\" content=\"https:\/\/www.sminn.sk\/wp-content\/uploads\/2024\/04\/fastbox_dc_lxl_sminn_1.png\" \/>\n\t<meta property=\"og:image:width\" content=\"408\" \/>\n\t<meta property=\"og:image:height\" content=\"408\" \/>\n\t<meta property=\"og:image:type\" content=\"image\/png\" \/>\n<meta name=\"twitter:card\" content=\"summary_large_image\" \/>\n<script type=\"application\/ld+json\" class=\"yoast-schema-graph\">{\"@context\":\"https:\/\/schema.org\",\"@graph\":[{\"@type\":\"WebPage\",\"@id\":\"https:\/\/www.sminn.sk\/en\/produkt\/fastbox-xl-150-kw-2xdc-1xac\/\",\"url\":\"https:\/\/www.sminn.sk\/en\/produkt\/fastbox-xl-150-kw-2xdc-1xac\/\",\"name\":\"FastBox XL 150kW 2xDC, 1xAC fast charger | Sminn.sk\",\"isPartOf\":{\"@id\":\"https:\/\/www.sminn.sk\/en\/#website\"},\"primaryImageOfPage\":{\"@id\":\"https:\/\/www.sminn.sk\/en\/produkt\/fastbox-xl-150-kw-2xdc-1xac\/#primaryimage\"},\"image\":{\"@id\":\"https:\/\/www.sminn.sk\/en\/produkt\/fastbox-xl-150-kw-2xdc-1xac\/#primaryimage\"},\"thumbnailUrl\":\"https:\/\/www.sminn.sk\/wp-content\/uploads\/2024\/04\/fastbox_dc_lxl_sminn_1.png\",\"datePublished\":\"2024-04-25T00:37:00+00:00\",\"dateModified\":\"2025-06-02T13:18:58+00:00\",\"description\":\"Flexible, reliable and powerful. With an output of up to 150 kW, the FastBox XL sets a completely new standard for fast charging stations.\",\"breadcrumb\":{\"@id\":\"https:\/\/www.sminn.sk\/en\/produkt\/fastbox-xl-150-kw-2xdc-1xac\/#breadcrumb\"},\"inLanguage\":\"en-US\",\"potentialAction\":[{\"@type\":\"ReadAction\",\"target\":[\"https:\/\/www.sminn.sk\/en\/produkt\/fastbox-xl-150-kw-2xdc-1xac\/\"]}]},{\"@type\":\"ImageObject\",\"inLanguage\":\"en-US\",\"@id\":\"https:\/\/www.sminn.sk\/en\/produkt\/fastbox-xl-150-kw-2xdc-1xac\/#primaryimage\",\"url\":\"https:\/\/www.sminn.sk\/wp-content\/uploads\/2024\/04\/fastbox_dc_lxl_sminn_1.png\",\"contentUrl\":\"https:\/\/www.sminn.sk\/wp-content\/uploads\/2024\/04\/fastbox_dc_lxl_sminn_1.png\",\"width\":408,\"height\":408},{\"@type\":\"BreadcrumbList\",\"@id\":\"https:\/\/www.sminn.sk\/en\/produkt\/fastbox-xl-150-kw-2xdc-1xac\/#breadcrumb\",\"itemListElement\":[{\"@type\":\"ListItem\",\"position\":1,\"name\":\"Domov\",\"item\":\"https:\/\/www.sminn.sk\/en\/\"},{\"@type\":\"ListItem\",\"position\":2,\"name\":\"Shop\",\"item\":\"https:\/\/www.sminn.sk\/en\/shop\/\"},{\"@type\":\"ListItem\",\"position\":3,\"name\":\"FastBox XL 150 kW 2xDC, 1xAC\"}]},{\"@type\":\"WebSite\",\"@id\":\"https:\/\/www.sminn.sk\/en\/#website\",\"url\":\"https:\/\/www.sminn.sk\/en\/\",\"name\":\"Sminn.sk\",\"description\":\"\",\"publisher\":{\"@id\":\"https:\/\/www.sminn.sk\/en\/#organization\"},\"potentialAction\":[{\"@type\":\"SearchAction\",\"target\":{\"@type\":\"EntryPoint\",\"urlTemplate\":\"https:\/\/www.sminn.sk\/en\/?s={search_term_string}\"},\"query-input\":\"required name=search_term_string\"}],\"inLanguage\":\"en-US\"},{\"@type\":\"Organization\",\"@id\":\"https:\/\/www.sminn.sk\/en\/#organization\",\"name\":\"Sminn\",\"url\":\"https:\/\/www.sminn.sk\/en\/\",\"logo\":{\"@type\":\"ImageObject\",\"inLanguage\":\"en-US\",\"@id\":\"https:\/\/www.sminn.sk\/en\/#\/schema\/logo\/image\/\",\"url\":\"https:\/\/www.sminn.sk\/wp-content\/uploads\/2024\/03\/SMINN-logo-1.svg\",\"contentUrl\":\"https:\/\/www.sminn.sk\/wp-content\/uploads\/2024\/03\/SMINN-logo-1.svg\",\"width\":135,\"height\":24,\"caption\":\"Sminn\"},\"image\":{\"@id\":\"https:\/\/www.sminn.sk\/en\/#\/schema\/logo\/image\/\"},\"sameAs\":[\"https:\/\/www.facebook.com\/sminnemobility\",\"https:\/\/www.linkedin.com\/company\/sminnsk\/\"]}]}<\/script>\n<!-- \/ Yoast SEO plugin. -->","yoast_head_json":{"title":"FastBox XL 150kW 2xDC, 1xAC fast charger | Sminn.sk","description":"Flexible, reliable and powerful. With an output of up to 150 kW, the FastBox XL sets a completely new standard for fast charging stations.","robots":{"index":"index","follow":"follow","max-snippet":"max-snippet:-1","max-image-preview":"max-image-preview:large","max-video-preview":"max-video-preview:-1"},"canonical":"https:\/\/www.sminn.sk\/en\/produkt\/fastbox-xl-150-kw-2xdc-1xac\/","og_locale":"en_US","og_type":"article","og_title":"FastBox XL 150kW 2xDC, 1xAC fast charger | Sminn.sk","og_description":"Flexible, reliable and powerful. With an output of up to 150 kW, the FastBox XL sets a completely new standard for fast charging stations.","og_url":"https:\/\/www.sminn.sk\/en\/produkt\/fastbox-xl-150-kw-2xdc-1xac\/","og_site_name":"Sminn.sk","article_publisher":"https:\/\/www.facebook.com\/sminnemobility","article_modified_time":"2025-06-02T13:18:58+00:00","og_image":[{"width":408,"height":408,"url":"https:\/\/www.sminn.sk\/wp-content\/uploads\/2024\/04\/fastbox_dc_lxl_sminn_1.png","type":"image\/png"}],"twitter_card":"summary_large_image","schema":{"@context":"https:\/\/schema.org","@graph":[{"@type":"WebPage","@id":"https:\/\/www.sminn.sk\/en\/produkt\/fastbox-xl-150-kw-2xdc-1xac\/","url":"https:\/\/www.sminn.sk\/en\/produkt\/fastbox-xl-150-kw-2xdc-1xac\/","name":"FastBox XL 150kW 2xDC, 1xAC fast charger | Sminn.sk","isPartOf":{"@id":"https:\/\/www.sminn.sk\/en\/#website"},"primaryImageOfPage":{"@id":"https:\/\/www.sminn.sk\/en\/produkt\/fastbox-xl-150-kw-2xdc-1xac\/#primaryimage"},"image":{"@id":"https:\/\/www.sminn.sk\/en\/produkt\/fastbox-xl-150-kw-2xdc-1xac\/#primaryimage"},"thumbnailUrl":"https:\/\/www.sminn.sk\/wp-content\/uploads\/2024\/04\/fastbox_dc_lxl_sminn_1.png","datePublished":"2024-04-25T00:37:00+00:00","dateModified":"2025-06-02T13:18:58+00:00","description":"Flexible, reliable and powerful. With an output of up to 150 kW, the FastBox XL sets a completely new standard for fast charging stations.","breadcrumb":{"@id":"https:\/\/www.sminn.sk\/en\/produkt\/fastbox-xl-150-kw-2xdc-1xac\/#breadcrumb"},"inLanguage":"en-US","potentialAction":[{"@type":"ReadAction","target":["https:\/\/www.sminn.sk\/en\/produkt\/fastbox-xl-150-kw-2xdc-1xac\/"]}]},{"@type":"ImageObject","inLanguage":"en-US","@id":"https:\/\/www.sminn.sk\/en\/produkt\/fastbox-xl-150-kw-2xdc-1xac\/#primaryimage","url":"https:\/\/www.sminn.sk\/wp-content\/uploads\/2024\/04\/fastbox_dc_lxl_sminn_1.png","contentUrl":"https:\/\/www.sminn.sk\/wp-content\/uploads\/2024\/04\/fastbox_dc_lxl_sminn_1.png","width":408,"height":408},{"@type":"BreadcrumbList","@id":"https:\/\/www.sminn.sk\/en\/produkt\/fastbox-xl-150-kw-2xdc-1xac\/#breadcrumb","itemListElement":[{"@type":"ListItem","position":1,"name":"Domov","item":"https:\/\/www.sminn.sk\/en\/"},{"@type":"ListItem","position":2,"name":"Shop","item":"https:\/\/www.sminn.sk\/en\/shop\/"},{"@type":"ListItem","position":3,"name":"FastBox XL 150 kW 2xDC, 1xAC"}]},{"@type":"WebSite","@id":"https:\/\/www.sminn.sk\/en\/#website","url":"https:\/\/www.sminn.sk\/en\/","name":"Sminn.sk","description":"","publisher":{"@id":"https:\/\/www.sminn.sk\/en\/#organization"},"potentialAction":[{"@type":"SearchAction","target":{"@type":"EntryPoint","urlTemplate":"https:\/\/www.sminn.sk\/en\/?s={search_term_string}"},"query-input":"required name=search_term_string"}],"inLanguage":"en-US"},{"@type":"Organization","@id":"https:\/\/www.sminn.sk\/en\/#organization","name":"Sminn","url":"https:\/\/www.sminn.sk\/en\/","logo":{"@type":"ImageObject","inLanguage":"en-US","@id":"https:\/\/www.sminn.sk\/en\/#\/schema\/logo\/image\/","url":"https:\/\/www.sminn.sk\/wp-content\/uploads\/2024\/03\/SMINN-logo-1.svg","contentUrl":"https:\/\/www.sminn.sk\/wp-content\/uploads\/2024\/03\/SMINN-logo-1.svg","width":135,"height":24,"caption":"Sminn"},"image":{"@id":"https:\/\/www.sminn.sk\/en\/#\/schema\/logo\/image\/"},"sameAs":["https:\/\/www.facebook.com\/sminnemobility","https:\/\/www.linkedin.com\/company\/sminnsk\/"]}]}},"_links":{"self":[{"href":"https:\/\/www.sminn.sk\/en\/wp-json\/wp\/v2\/product\/10767"}],"collection":[{"href":"https:\/\/www.sminn.sk\/en\/wp-json\/wp\/v2\/product"}],"about":[{"href":"https:\/\/www.sminn.sk\/en\/wp-json\/wp\/v2\/types\/product"}],"wp:featuredmedia":[{"embeddable":true,"href":"https:\/\/www.sminn.sk\/en\/wp-json\/wp\/v2\/media\/10485"}],"wp:attachment":[{"href":"https:\/\/www.sminn.sk\/en\/wp-json\/wp\/v2\/media?parent=10767"}],"wp:term":[{"taxonomy":"product_cat","embeddable":true,"href":"https:\/\/www.sminn.sk\/en\/wp-json\/wp\/v2\/product_cat?post=10767"},{"taxonomy":"product_tag","embeddable":true,"href":"https:\/\/www.sminn.sk\/en\/wp-json\/wp\/v2\/product_tag?post=10767"}],"curies":[{"name":"wp","href":"https:\/\/api.w.org\/{rel}","templated":true}]}}