{"id":10755,"date":"2024-04-25T02:37:00","date_gmt":"2024-04-25T00:37:00","guid":{"rendered":"https:\/\/www.sminn.sk\/produkt\/mobile-charging-station-blaupunkt-16a-11kw\/"},"modified":"2025-12-01T14:49:23","modified_gmt":"2025-12-01T13:49:23","slug":"mobile-charging-station-blaupunkt-16a-11kw","status":"publish","type":"product","link":"https:\/\/www.sminn.sk\/en\/produkt\/mobile-charging-station-blaupunkt-16a-11kw\/","title":{"rendered":"Mobile charging station Blaupunkt 16A 11kW"},"content":{"rendered":"<p><span data-sheets-root=\"1\" data-sheets-value=\"{\"1\":2,\"2\":\"Elektrick\u00e1 a hybridn\u00e1 aut\u00e1 niekedy vy\u017eaduj\u00fa flexibiln\u00e9 nab\u00edjanie. T\u00e1to prenosn\u00e1 nab\u00edja\u010dka Blaupunkt typ 2 je vybaven\u00e1 dlh\u00fdm k\u00e1blom. Ide o ve\u013emi praktick\u00fa nab\u00edja\u010dku pre elektromobily, ktor\u00e9 vyu\u017e\u00edvaj\u00fa 3-f\u00e1zov\u00e9 nab\u00edjanie, zvl\u00e1dne vy\u0161\u0161ie nap\u00e4tie a nab\u00edja sa r\u00fdchlej\u0161ie ako 230V modely!\\nPraktick\u00e1 a prenosn\u00e1, s 8 metrov\u00fdm k\u00e1blom\\nModel P3PM2T2 nevy\u017eaduje mont\u00e1\u017e - sta\u010d\u00ed ho zapoji\u0165 do 3-f\u00e1zovej z\u00e1suvky pomocou 8-metrov\u00e9ho k\u00e1bla. Na zadnej strane nab\u00edja\u010dky je dr\u017eiak na stenu.\\nAdekv\u00e1tne nab\u00edjanie v z\u00e1vislosti od poistky v z\u00e1suvke\\nK\u00e1bel vydr\u017e\u00ed nab\u00edjac\u00ed objem a\u017e 11 kW. Pre presn\u00e9 \u0161pecifik\u00e1cie produktu si pros\u00edm v\u0161imnite, \u017ee k\u00e1bel mo\u017eno pou\u017ei\u0165 na nab\u00edjanie v z\u00e1suvk\u00e1ch s poistkou 8, 10, 13 alebo 16A.\\n\u010casova\u010d vypnutia\\n\u010casov\u00fd sp\u00edna\u010d je jednoduch\u00fd pou\u017e\u00edva\u0165 a umo\u017e\u0148uje odlo\u017een\u00fd za\u010diatok nab\u00edjania. Mo\u017en\u00e9 nastavenia prep\u00edna\u010da s\u00fa 1, 2, 4, 6 alebo 10 hod\u00edn v z\u00e1vislosti od va\u0161ich potrieb.\\nZ\u00e1suvka typu 2 \u2013 vhodn\u00e1 pre mnoho eur\u00f3pskych elektrick\u00fdch a hybridn\u00fdch automobilov\"}\" data-sheets-userformat=\"{\"2\":14845,\"3\":{\"1\":0,\"3\":1},\"5\":{\"1\":[{\"1\":2,\"2\":0,\"5\":{\"1\":2,\"2\":0}},{\"1\":0,\"2\":0,\"3\":3},{\"1\":1,\"2\":0,\"4\":1}]},\"6\":{\"1\":[{\"1\":2,\"2\":0,\"5\":{\"1\":2,\"2\":0}},{\"1\":0,\"2\":0,\"3\":3},{\"1\":1,\"2\":0,\"4\":1}]},\"7\":{\"1\":[{\"1\":2,\"2\":0,\"5\":{\"1\":2,\"2\":0}},{\"1\":0,\"2\":0,\"3\":3},{\"1\":1,\"2\":0,\"4\":1}]},\"8\":{\"1\":[{\"1\":2,\"2\":0,\"5\":{\"1\":2,\"2\":0}},{\"1\":0,\"2\":0,\"3\":3},{\"1\":1,\"2\":0,\"4\":1}]},\"9\":0,\"10\":0,\"11\":4,\"14\":{\"1\":2,\"2\":0},\"15\":\"Arial\",\"16\":10}\">Electric and hybrid cars sometimes require flexible charging. This Blaupunkt Type 2 portable charger is equipped with a long cable. This is a very practical charger for electric vehicles that use 3-phase charging, it can handle higher voltages and charges faster than 230V models!<br \/>Practical and portable, with an 8-meter cable<br \/>The P3PM2T2 model does not require assembly &#8211; just plug it into a 3-phase socket with an 8-meter cable. There is a wall bracket on the back of the charger.<br \/>Adequate charging depending on the fuse in the socket<br \/>The cable can withstand a charging volume of up to 11 kW. For exact product specifications, please note that the cable can be used for charging in 8, 10, 13 or 16A fused outlets.<br \/>Shutdown Timer<br \/>The timer is easy to use and allows for a delayed start of charging. Possible switch settings are 1, 2, 4, 6 or 10 hours depending on your needs.<br \/>Type 2 socket &#8211; suitable for many European electric and hybrid cars<\/span><\/p>\n","protected":false},"excerpt":{"rendered":"<p>The portable charging station is the ideal partner for every electric car. Just plug into a 400V socket and you can charge your electric car wherever you need it.<\/p>\n","protected":false},"featured_media":10497,"template":"","meta":{"_acf_changed":false},"product_cat":[468],"product_tag":[],"acf":[],"yoast_head":"<!-- This site is optimized with the Yoast SEO plugin v22.9 - https:\/\/yoast.com\/wordpress\/plugins\/seo\/ -->\n<title>Mobile charging station Blaupunkt 16A 11kW | Sminn.sk<\/title>\n<meta name=\"description\" content=\"Just plug the portable charging station into a regular 400 V socket and you can charge your electric car wherever you need it.\" \/>\n<meta name=\"robots\" content=\"index, follow, max-snippet:-1, max-image-preview:large, max-video-preview:-1\" \/>\n<link rel=\"canonical\" href=\"https:\/\/www.sminn.sk\/en\/produkt\/mobile-charging-station-blaupunkt-16a-11kw\/\" \/>\n<meta property=\"og:locale\" content=\"en_US\" \/>\n<meta property=\"og:type\" content=\"article\" \/>\n<meta property=\"og:title\" content=\"Mobile charging station Blaupunkt 16A 11kW | Sminn.sk\" \/>\n<meta property=\"og:description\" content=\"Just plug the portable charging station into a regular 400 V socket and you can charge your electric car wherever you need it.\" \/>\n<meta property=\"og:url\" content=\"https:\/\/www.sminn.sk\/en\/produkt\/mobile-charging-station-blaupunkt-16a-11kw\/\" \/>\n<meta property=\"og:site_name\" content=\"Sminn.sk\" \/>\n<meta property=\"article:publisher\" content=\"https:\/\/www.facebook.com\/sminnemobility\" \/>\n<meta property=\"article:modified_time\" content=\"2025-12-01T13:49:23+00:00\" \/>\n<meta property=\"og:image\" content=\"https:\/\/www.sminn.sk\/wp-content\/uploads\/2024\/04\/mobil_charging_station_blaupunkt_11kW_sminn_1.png\" \/>\n\t<meta property=\"og:image:width\" content=\"500\" \/>\n\t<meta property=\"og:image:height\" content=\"500\" \/>\n\t<meta property=\"og:image:type\" content=\"image\/png\" \/>\n<meta name=\"twitter:card\" content=\"summary_large_image\" \/>\n<meta name=\"twitter:label1\" content=\"Est. reading time\" \/>\n\t<meta name=\"twitter:data1\" content=\"1 minute\" \/>\n<script type=\"application\/ld+json\" class=\"yoast-schema-graph\">{\"@context\":\"https:\/\/schema.org\",\"@graph\":[{\"@type\":\"WebPage\",\"@id\":\"https:\/\/www.sminn.sk\/en\/produkt\/mobile-charging-station-blaupunkt-16a-11kw\/\",\"url\":\"https:\/\/www.sminn.sk\/en\/produkt\/mobile-charging-station-blaupunkt-16a-11kw\/\",\"name\":\"Mobile charging station Blaupunkt 16A 11kW | Sminn.sk\",\"isPartOf\":{\"@id\":\"https:\/\/www.sminn.sk\/en\/#website\"},\"primaryImageOfPage\":{\"@id\":\"https:\/\/www.sminn.sk\/en\/produkt\/mobile-charging-station-blaupunkt-16a-11kw\/#primaryimage\"},\"image\":{\"@id\":\"https:\/\/www.sminn.sk\/en\/produkt\/mobile-charging-station-blaupunkt-16a-11kw\/#primaryimage\"},\"thumbnailUrl\":\"https:\/\/www.sminn.sk\/wp-content\/uploads\/2024\/04\/mobil_charging_station_blaupunkt_11kW_sminn_1.png\",\"datePublished\":\"2024-04-25T00:37:00+00:00\",\"dateModified\":\"2025-12-01T13:49:23+00:00\",\"description\":\"Just plug the portable charging station into a regular 400 V socket and you can charge your electric car wherever you need it.\",\"breadcrumb\":{\"@id\":\"https:\/\/www.sminn.sk\/en\/produkt\/mobile-charging-station-blaupunkt-16a-11kw\/#breadcrumb\"},\"inLanguage\":\"en-US\",\"potentialAction\":[{\"@type\":\"ReadAction\",\"target\":[\"https:\/\/www.sminn.sk\/en\/produkt\/mobile-charging-station-blaupunkt-16a-11kw\/\"]}]},{\"@type\":\"ImageObject\",\"inLanguage\":\"en-US\",\"@id\":\"https:\/\/www.sminn.sk\/en\/produkt\/mobile-charging-station-blaupunkt-16a-11kw\/#primaryimage\",\"url\":\"https:\/\/www.sminn.sk\/wp-content\/uploads\/2024\/04\/mobil_charging_station_blaupunkt_11kW_sminn_1.png\",\"contentUrl\":\"https:\/\/www.sminn.sk\/wp-content\/uploads\/2024\/04\/mobil_charging_station_blaupunkt_11kW_sminn_1.png\",\"width\":500,\"height\":500},{\"@type\":\"BreadcrumbList\",\"@id\":\"https:\/\/www.sminn.sk\/en\/produkt\/mobile-charging-station-blaupunkt-16a-11kw\/#breadcrumb\",\"itemListElement\":[{\"@type\":\"ListItem\",\"position\":1,\"name\":\"Domov\",\"item\":\"https:\/\/www.sminn.sk\/en\/\"},{\"@type\":\"ListItem\",\"position\":2,\"name\":\"Shop\",\"item\":\"https:\/\/www.sminn.sk\/en\/shop\/\"},{\"@type\":\"ListItem\",\"position\":3,\"name\":\"Mobile charging station Blaupunkt 16A 11kW\"}]},{\"@type\":\"WebSite\",\"@id\":\"https:\/\/www.sminn.sk\/en\/#website\",\"url\":\"https:\/\/www.sminn.sk\/en\/\",\"name\":\"Sminn.sk\",\"description\":\"\",\"publisher\":{\"@id\":\"https:\/\/www.sminn.sk\/en\/#organization\"},\"potentialAction\":[{\"@type\":\"SearchAction\",\"target\":{\"@type\":\"EntryPoint\",\"urlTemplate\":\"https:\/\/www.sminn.sk\/en\/?s={search_term_string}\"},\"query-input\":\"required name=search_term_string\"}],\"inLanguage\":\"en-US\"},{\"@type\":\"Organization\",\"@id\":\"https:\/\/www.sminn.sk\/en\/#organization\",\"name\":\"Sminn\",\"url\":\"https:\/\/www.sminn.sk\/en\/\",\"logo\":{\"@type\":\"ImageObject\",\"inLanguage\":\"en-US\",\"@id\":\"https:\/\/www.sminn.sk\/en\/#\/schema\/logo\/image\/\",\"url\":\"https:\/\/www.sminn.sk\/wp-content\/uploads\/2024\/03\/SMINN-logo-1.svg\",\"contentUrl\":\"https:\/\/www.sminn.sk\/wp-content\/uploads\/2024\/03\/SMINN-logo-1.svg\",\"width\":135,\"height\":24,\"caption\":\"Sminn\"},\"image\":{\"@id\":\"https:\/\/www.sminn.sk\/en\/#\/schema\/logo\/image\/\"},\"sameAs\":[\"https:\/\/www.facebook.com\/sminnemobility\",\"https:\/\/www.linkedin.com\/company\/sminnsk\/\"]}]}<\/script>\n<!-- \/ Yoast SEO plugin. -->","yoast_head_json":{"title":"Mobile charging station Blaupunkt 16A 11kW | Sminn.sk","description":"Just plug the portable charging station into a regular 400 V socket and you can charge your electric car wherever you need it.","robots":{"index":"index","follow":"follow","max-snippet":"max-snippet:-1","max-image-preview":"max-image-preview:large","max-video-preview":"max-video-preview:-1"},"canonical":"https:\/\/www.sminn.sk\/en\/produkt\/mobile-charging-station-blaupunkt-16a-11kw\/","og_locale":"en_US","og_type":"article","og_title":"Mobile charging station Blaupunkt 16A 11kW | Sminn.sk","og_description":"Just plug the portable charging station into a regular 400 V socket and you can charge your electric car wherever you need it.","og_url":"https:\/\/www.sminn.sk\/en\/produkt\/mobile-charging-station-blaupunkt-16a-11kw\/","og_site_name":"Sminn.sk","article_publisher":"https:\/\/www.facebook.com\/sminnemobility","article_modified_time":"2025-12-01T13:49:23+00:00","og_image":[{"width":500,"height":500,"url":"https:\/\/www.sminn.sk\/wp-content\/uploads\/2024\/04\/mobil_charging_station_blaupunkt_11kW_sminn_1.png","type":"image\/png"}],"twitter_card":"summary_large_image","twitter_misc":{"Est. reading time":"1 minute"},"schema":{"@context":"https:\/\/schema.org","@graph":[{"@type":"WebPage","@id":"https:\/\/www.sminn.sk\/en\/produkt\/mobile-charging-station-blaupunkt-16a-11kw\/","url":"https:\/\/www.sminn.sk\/en\/produkt\/mobile-charging-station-blaupunkt-16a-11kw\/","name":"Mobile charging station Blaupunkt 16A 11kW | Sminn.sk","isPartOf":{"@id":"https:\/\/www.sminn.sk\/en\/#website"},"primaryImageOfPage":{"@id":"https:\/\/www.sminn.sk\/en\/produkt\/mobile-charging-station-blaupunkt-16a-11kw\/#primaryimage"},"image":{"@id":"https:\/\/www.sminn.sk\/en\/produkt\/mobile-charging-station-blaupunkt-16a-11kw\/#primaryimage"},"thumbnailUrl":"https:\/\/www.sminn.sk\/wp-content\/uploads\/2024\/04\/mobil_charging_station_blaupunkt_11kW_sminn_1.png","datePublished":"2024-04-25T00:37:00+00:00","dateModified":"2025-12-01T13:49:23+00:00","description":"Just plug the portable charging station into a regular 400 V socket and you can charge your electric car wherever you need it.","breadcrumb":{"@id":"https:\/\/www.sminn.sk\/en\/produkt\/mobile-charging-station-blaupunkt-16a-11kw\/#breadcrumb"},"inLanguage":"en-US","potentialAction":[{"@type":"ReadAction","target":["https:\/\/www.sminn.sk\/en\/produkt\/mobile-charging-station-blaupunkt-16a-11kw\/"]}]},{"@type":"ImageObject","inLanguage":"en-US","@id":"https:\/\/www.sminn.sk\/en\/produkt\/mobile-charging-station-blaupunkt-16a-11kw\/#primaryimage","url":"https:\/\/www.sminn.sk\/wp-content\/uploads\/2024\/04\/mobil_charging_station_blaupunkt_11kW_sminn_1.png","contentUrl":"https:\/\/www.sminn.sk\/wp-content\/uploads\/2024\/04\/mobil_charging_station_blaupunkt_11kW_sminn_1.png","width":500,"height":500},{"@type":"BreadcrumbList","@id":"https:\/\/www.sminn.sk\/en\/produkt\/mobile-charging-station-blaupunkt-16a-11kw\/#breadcrumb","itemListElement":[{"@type":"ListItem","position":1,"name":"Domov","item":"https:\/\/www.sminn.sk\/en\/"},{"@type":"ListItem","position":2,"name":"Shop","item":"https:\/\/www.sminn.sk\/en\/shop\/"},{"@type":"ListItem","position":3,"name":"Mobile charging station Blaupunkt 16A 11kW"}]},{"@type":"WebSite","@id":"https:\/\/www.sminn.sk\/en\/#website","url":"https:\/\/www.sminn.sk\/en\/","name":"Sminn.sk","description":"","publisher":{"@id":"https:\/\/www.sminn.sk\/en\/#organization"},"potentialAction":[{"@type":"SearchAction","target":{"@type":"EntryPoint","urlTemplate":"https:\/\/www.sminn.sk\/en\/?s={search_term_string}"},"query-input":"required name=search_term_string"}],"inLanguage":"en-US"},{"@type":"Organization","@id":"https:\/\/www.sminn.sk\/en\/#organization","name":"Sminn","url":"https:\/\/www.sminn.sk\/en\/","logo":{"@type":"ImageObject","inLanguage":"en-US","@id":"https:\/\/www.sminn.sk\/en\/#\/schema\/logo\/image\/","url":"https:\/\/www.sminn.sk\/wp-content\/uploads\/2024\/03\/SMINN-logo-1.svg","contentUrl":"https:\/\/www.sminn.sk\/wp-content\/uploads\/2024\/03\/SMINN-logo-1.svg","width":135,"height":24,"caption":"Sminn"},"image":{"@id":"https:\/\/www.sminn.sk\/en\/#\/schema\/logo\/image\/"},"sameAs":["https:\/\/www.facebook.com\/sminnemobility","https:\/\/www.linkedin.com\/company\/sminnsk\/"]}]}},"_links":{"self":[{"href":"https:\/\/www.sminn.sk\/en\/wp-json\/wp\/v2\/product\/10755"}],"collection":[{"href":"https:\/\/www.sminn.sk\/en\/wp-json\/wp\/v2\/product"}],"about":[{"href":"https:\/\/www.sminn.sk\/en\/wp-json\/wp\/v2\/types\/product"}],"wp:featuredmedia":[{"embeddable":true,"href":"https:\/\/www.sminn.sk\/en\/wp-json\/wp\/v2\/media\/10497"}],"wp:attachment":[{"href":"https:\/\/www.sminn.sk\/en\/wp-json\/wp\/v2\/media?parent=10755"}],"wp:term":[{"taxonomy":"product_cat","embeddable":true,"href":"https:\/\/www.sminn.sk\/en\/wp-json\/wp\/v2\/product_cat?post=10755"},{"taxonomy":"product_tag","embeddable":true,"href":"https:\/\/www.sminn.sk\/en\/wp-json\/wp\/v2\/product_tag?post=10755"}],"curies":[{"name":"wp","href":"https:\/\/api.w.org\/{rel}","templated":true}]}}