{"id":10727,"date":"2024-04-25T02:37:00","date_gmt":"2024-04-25T00:37:00","guid":{"rendered":"https:\/\/www.sminn.sk\/produkt\/homebox-smart-ac\/"},"modified":"2025-12-01T14:49:45","modified_gmt":"2025-12-01T13:49:45","slug":"homebox-smart-ac","status":"publish","type":"product","link":"https:\/\/www.sminn.sk\/en\/produkt\/homebox-smart-ac\/","title":{"rendered":"HomeBox Smart AC"},"content":{"rendered":"<p><span data-sheets-root=\"1\" data-sheets-value=\"{\"1\":2,\"2\":\"Energy management\\nMo\u017enos\u0165 vo\u013eby re\u017eimov nab\u00edjania\\nFast \/ Eco \/ Green.\\nVzdialen\u00fd odpo\u010det\\nVzdialen\u00fd monitoring\\nprostredn\u00edctvom mobilnej aplik\u00e1cie\\nRe\u017eim fotovoltika\\nMo\u017enos\u0165 nab\u00edjania prim\u00e1rne z\\nprebytkov zo slne\u010dnej energie.\\nVysok\u00fd v\u00fdkon\\nNab\u00edjac\u00ed v\u00fdkon 22kW dok\u00e1\u017ee doda\u0165\\ndojazd a\u017e 120km za hodinu nab\u00edjania.\\nInteligentn\u00e9 riadenie v\u00fdkonu\\nNie je potrebn\u00e9 navy\u0161ova\u0165 rezervovan\u00fa\\nkapacitu.\\nVerejn\u00e9 nab\u00edjanie\\nMo\u017enos\u0165 vo\u013eby re\u017eimu so spoplatnen\u00edm\\npre extern\u00fdch u\u017e\u00edvate\u013eov v \u010dase ke\u010f\\nnab\u00edjaciu stanicu nevyu\u017e\u00edvate.\"}\" data-sheets-userformat=\"{\"2\":14847,\"3\":{\"1\":0,\"3\":1},\"4\":{\"1\":2,\"2\":16439766},\"5\":{\"1\":[{\"1\":2,\"2\":0,\"5\":{\"1\":2,\"2\":0}},{\"1\":0,\"2\":0,\"3\":3},{\"1\":1,\"2\":0,\"4\":1}]},\"6\":{\"1\":[{\"1\":2,\"2\":0,\"5\":{\"1\":2,\"2\":0}},{\"1\":0,\"2\":0,\"3\":3},{\"1\":1,\"2\":0,\"4\":1}]},\"7\":{\"1\":[{\"1\":2,\"2\":0,\"5\":{\"1\":2,\"2\":0}},{\"1\":0,\"2\":0,\"3\":3},{\"1\":1,\"2\":0,\"4\":1}]},\"8\":{\"1\":[{\"1\":2,\"2\":0,\"5\":{\"1\":2,\"2\":0}},{\"1\":0,\"2\":0,\"3\":3},{\"1\":1,\"2\":0,\"4\":1}]},\"9\":0,\"10\":0,\"11\":4,\"14\":{\"1\":2,\"2\":0},\"15\":\"Arial\",\"16\":10}\" data-sheets-textstyleruns=\"{\"1\":0,\"2\":{\"2\":{\"1\":3,\"3\":1},\"3\":\"Arial\",\"4\":11,\"5\":1}}\uee10{\"1\":17,\"2\":{\"2\":{\"1\":2,\"2\":0},\"3\":\"Arial\",\"4\":10}}\uee10{\"1\":70,\"2\":{\"2\":{\"1\":3,\"3\":1},\"3\":\"Arial\",\"4\":11,\"5\":1}}\uee10{\"1\":87,\"2\":{\"2\":{\"1\":2,\"2\":0},\"3\":\"Arial\",\"4\":10}}\uee10{\"1\":144,\"2\":{\"2\":{\"1\":3,\"3\":1},\"3\":\"Arial\",\"4\":11,\"5\":1}}\uee10{\"1\":161,\"2\":{\"2\":{\"1\":2,\"2\":0},\"3\":\"Arial\",\"4\":10}}\uee10{\"1\":222,\"2\":{\"2\":{\"1\":3,\"3\":1},\"3\":\"Arial\",\"4\":11,\"5\":1}}\uee10{\"1\":234,\"2\":{\"2\":{\"1\":2,\"2\":0},\"3\":\"Arial\",\"4\":10}}\uee10{\"1\":305,\"2\":{\"2\":{\"1\":3,\"3\":1},\"3\":\"Arial\",\"4\":11,\"5\":1}}\uee10{\"1\":333,\"2\":{\"2\":{\"1\":2,\"2\":0},\"3\":\"Arial\",\"4\":10}}\uee10{\"1\":382,\"2\":{\"2\":{\"1\":3,\"3\":1},\"3\":\"Arial\",\"4\":11,\"5\":1}}\uee10{\"1\":399,\"2\":{\"2\":{\"1\":2,\"2\":0},\"3\":\"Arial\",\"4\":10}}\"><strong>Energy management<\/strong><br \/>Selectable charging modes<br \/>Fast \/ Eco \/ Green.<br \/><\/span><\/p>\n<p><span data-sheets-root=\"1\" data-sheets-value=\"{\"1\":2,\"2\":\"Energy management\\nMo\u017enos\u0165 vo\u013eby re\u017eimov nab\u00edjania\\nFast \/ Eco \/ Green.\\nVzdialen\u00fd odpo\u010det\\nVzdialen\u00fd monitoring\\nprostredn\u00edctvom mobilnej aplik\u00e1cie\\nRe\u017eim fotovoltika\\nMo\u017enos\u0165 nab\u00edjania prim\u00e1rne z\\nprebytkov zo slne\u010dnej energie.\\nVysok\u00fd v\u00fdkon\\nNab\u00edjac\u00ed v\u00fdkon 22kW dok\u00e1\u017ee doda\u0165\\ndojazd a\u017e 120km za hodinu nab\u00edjania.\\nInteligentn\u00e9 riadenie v\u00fdkonu\\nNie je potrebn\u00e9 navy\u0161ova\u0165 rezervovan\u00fa\\nkapacitu.\\nVerejn\u00e9 nab\u00edjanie\\nMo\u017enos\u0165 vo\u013eby re\u017eimu so spoplatnen\u00edm\\npre extern\u00fdch u\u017e\u00edvate\u013eov v \u010dase ke\u010f\\nnab\u00edjaciu stanicu nevyu\u017e\u00edvate.\"}\" data-sheets-userformat=\"{\"2\":14847,\"3\":{\"1\":0,\"3\":1},\"4\":{\"1\":2,\"2\":16439766},\"5\":{\"1\":[{\"1\":2,\"2\":0,\"5\":{\"1\":2,\"2\":0}},{\"1\":0,\"2\":0,\"3\":3},{\"1\":1,\"2\":0,\"4\":1}]},\"6\":{\"1\":[{\"1\":2,\"2\":0,\"5\":{\"1\":2,\"2\":0}},{\"1\":0,\"2\":0,\"3\":3},{\"1\":1,\"2\":0,\"4\":1}]},\"7\":{\"1\":[{\"1\":2,\"2\":0,\"5\":{\"1\":2,\"2\":0}},{\"1\":0,\"2\":0,\"3\":3},{\"1\":1,\"2\":0,\"4\":1}]},\"8\":{\"1\":[{\"1\":2,\"2\":0,\"5\":{\"1\":2,\"2\":0}},{\"1\":0,\"2\":0,\"3\":3},{\"1\":1,\"2\":0,\"4\":1}]},\"9\":0,\"10\":0,\"11\":4,\"14\":{\"1\":2,\"2\":0},\"15\":\"Arial\",\"16\":10}\" data-sheets-textstyleruns=\"{\"1\":0,\"2\":{\"2\":{\"1\":3,\"3\":1},\"3\":\"Arial\",\"4\":11,\"5\":1}}\uee10{\"1\":17,\"2\":{\"2\":{\"1\":2,\"2\":0},\"3\":\"Arial\",\"4\":10}}\uee10{\"1\":70,\"2\":{\"2\":{\"1\":3,\"3\":1},\"3\":\"Arial\",\"4\":11,\"5\":1}}\uee10{\"1\":87,\"2\":{\"2\":{\"1\":2,\"2\":0},\"3\":\"Arial\",\"4\":10}}\uee10{\"1\":144,\"2\":{\"2\":{\"1\":3,\"3\":1},\"3\":\"Arial\",\"4\":11,\"5\":1}}\uee10{\"1\":161,\"2\":{\"2\":{\"1\":2,\"2\":0},\"3\":\"Arial\",\"4\":10}}\uee10{\"1\":222,\"2\":{\"2\":{\"1\":3,\"3\":1},\"3\":\"Arial\",\"4\":11,\"5\":1}}\uee10{\"1\":234,\"2\":{\"2\":{\"1\":2,\"2\":0},\"3\":\"Arial\",\"4\":10}}\uee10{\"1\":305,\"2\":{\"2\":{\"1\":3,\"3\":1},\"3\":\"Arial\",\"4\":11,\"5\":1}}\uee10{\"1\":333,\"2\":{\"2\":{\"1\":2,\"2\":0},\"3\":\"Arial\",\"4\":10}}\uee10{\"1\":382,\"2\":{\"2\":{\"1\":3,\"3\":1},\"3\":\"Arial\",\"4\":11,\"5\":1}}\uee10{\"1\":399,\"2\":{\"2\":{\"1\":2,\"2\":0},\"3\":\"Arial\",\"4\":10}}\"><strong>Remote readout<\/strong><br \/>Remote monitoring via mobile app<br \/><\/span><\/p>\n<p><span data-sheets-root=\"1\" data-sheets-value=\"{\"1\":2,\"2\":\"Energy management\\nMo\u017enos\u0165 vo\u013eby re\u017eimov nab\u00edjania\\nFast \/ Eco \/ Green.\\nVzdialen\u00fd odpo\u010det\\nVzdialen\u00fd monitoring\\nprostredn\u00edctvom mobilnej aplik\u00e1cie\\nRe\u017eim fotovoltika\\nMo\u017enos\u0165 nab\u00edjania prim\u00e1rne z\\nprebytkov zo slne\u010dnej energie.\\nVysok\u00fd v\u00fdkon\\nNab\u00edjac\u00ed v\u00fdkon 22kW dok\u00e1\u017ee doda\u0165\\ndojazd a\u017e 120km za hodinu nab\u00edjania.\\nInteligentn\u00e9 riadenie v\u00fdkonu\\nNie je potrebn\u00e9 navy\u0161ova\u0165 rezervovan\u00fa\\nkapacitu.\\nVerejn\u00e9 nab\u00edjanie\\nMo\u017enos\u0165 vo\u013eby re\u017eimu so spoplatnen\u00edm\\npre extern\u00fdch u\u017e\u00edvate\u013eov v \u010dase ke\u010f\\nnab\u00edjaciu stanicu nevyu\u017e\u00edvate.\"}\" data-sheets-userformat=\"{\"2\":14847,\"3\":{\"1\":0,\"3\":1},\"4\":{\"1\":2,\"2\":16439766},\"5\":{\"1\":[{\"1\":2,\"2\":0,\"5\":{\"1\":2,\"2\":0}},{\"1\":0,\"2\":0,\"3\":3},{\"1\":1,\"2\":0,\"4\":1}]},\"6\":{\"1\":[{\"1\":2,\"2\":0,\"5\":{\"1\":2,\"2\":0}},{\"1\":0,\"2\":0,\"3\":3},{\"1\":1,\"2\":0,\"4\":1}]},\"7\":{\"1\":[{\"1\":2,\"2\":0,\"5\":{\"1\":2,\"2\":0}},{\"1\":0,\"2\":0,\"3\":3},{\"1\":1,\"2\":0,\"4\":1}]},\"8\":{\"1\":[{\"1\":2,\"2\":0,\"5\":{\"1\":2,\"2\":0}},{\"1\":0,\"2\":0,\"3\":3},{\"1\":1,\"2\":0,\"4\":1}]},\"9\":0,\"10\":0,\"11\":4,\"14\":{\"1\":2,\"2\":0},\"15\":\"Arial\",\"16\":10}\" data-sheets-textstyleruns=\"{\"1\":0,\"2\":{\"2\":{\"1\":3,\"3\":1},\"3\":\"Arial\",\"4\":11,\"5\":1}}\uee10{\"1\":17,\"2\":{\"2\":{\"1\":2,\"2\":0},\"3\":\"Arial\",\"4\":10}}\uee10{\"1\":70,\"2\":{\"2\":{\"1\":3,\"3\":1},\"3\":\"Arial\",\"4\":11,\"5\":1}}\uee10{\"1\":87,\"2\":{\"2\":{\"1\":2,\"2\":0},\"3\":\"Arial\",\"4\":10}}\uee10{\"1\":144,\"2\":{\"2\":{\"1\":3,\"3\":1},\"3\":\"Arial\",\"4\":11,\"5\":1}}\uee10{\"1\":161,\"2\":{\"2\":{\"1\":2,\"2\":0},\"3\":\"Arial\",\"4\":10}}\uee10{\"1\":222,\"2\":{\"2\":{\"1\":3,\"3\":1},\"3\":\"Arial\",\"4\":11,\"5\":1}}\uee10{\"1\":234,\"2\":{\"2\":{\"1\":2,\"2\":0},\"3\":\"Arial\",\"4\":10}}\uee10{\"1\":305,\"2\":{\"2\":{\"1\":3,\"3\":1},\"3\":\"Arial\",\"4\":11,\"5\":1}}\uee10{\"1\":333,\"2\":{\"2\":{\"1\":2,\"2\":0},\"3\":\"Arial\",\"4\":10}}\uee10{\"1\":382,\"2\":{\"2\":{\"1\":3,\"3\":1},\"3\":\"Arial\",\"4\":11,\"5\":1}}\uee10{\"1\":399,\"2\":{\"2\":{\"1\":2,\"2\":0},\"3\":\"Arial\",\"4\":10}}\"><strong>Photovoltaic mode<\/strong><br \/>Possibility of charging primarily from surplus solar energy.<br \/><\/span><\/p>\n<p><span data-sheets-root=\"1\" data-sheets-value=\"{\"1\":2,\"2\":\"Energy management\\nMo\u017enos\u0165 vo\u013eby re\u017eimov nab\u00edjania\\nFast \/ Eco \/ Green.\\nVzdialen\u00fd odpo\u010det\\nVzdialen\u00fd monitoring\\nprostredn\u00edctvom mobilnej aplik\u00e1cie\\nRe\u017eim fotovoltika\\nMo\u017enos\u0165 nab\u00edjania prim\u00e1rne z\\nprebytkov zo slne\u010dnej energie.\\nVysok\u00fd v\u00fdkon\\nNab\u00edjac\u00ed v\u00fdkon 22kW dok\u00e1\u017ee doda\u0165\\ndojazd a\u017e 120km za hodinu nab\u00edjania.\\nInteligentn\u00e9 riadenie v\u00fdkonu\\nNie je potrebn\u00e9 navy\u0161ova\u0165 rezervovan\u00fa\\nkapacitu.\\nVerejn\u00e9 nab\u00edjanie\\nMo\u017enos\u0165 vo\u013eby re\u017eimu so spoplatnen\u00edm\\npre extern\u00fdch u\u017e\u00edvate\u013eov v \u010dase ke\u010f\\nnab\u00edjaciu stanicu nevyu\u017e\u00edvate.\"}\" data-sheets-userformat=\"{\"2\":14847,\"3\":{\"1\":0,\"3\":1},\"4\":{\"1\":2,\"2\":16439766},\"5\":{\"1\":[{\"1\":2,\"2\":0,\"5\":{\"1\":2,\"2\":0}},{\"1\":0,\"2\":0,\"3\":3},{\"1\":1,\"2\":0,\"4\":1}]},\"6\":{\"1\":[{\"1\":2,\"2\":0,\"5\":{\"1\":2,\"2\":0}},{\"1\":0,\"2\":0,\"3\":3},{\"1\":1,\"2\":0,\"4\":1}]},\"7\":{\"1\":[{\"1\":2,\"2\":0,\"5\":{\"1\":2,\"2\":0}},{\"1\":0,\"2\":0,\"3\":3},{\"1\":1,\"2\":0,\"4\":1}]},\"8\":{\"1\":[{\"1\":2,\"2\":0,\"5\":{\"1\":2,\"2\":0}},{\"1\":0,\"2\":0,\"3\":3},{\"1\":1,\"2\":0,\"4\":1}]},\"9\":0,\"10\":0,\"11\":4,\"14\":{\"1\":2,\"2\":0},\"15\":\"Arial\",\"16\":10}\" data-sheets-textstyleruns=\"{\"1\":0,\"2\":{\"2\":{\"1\":3,\"3\":1},\"3\":\"Arial\",\"4\":11,\"5\":1}}\uee10{\"1\":17,\"2\":{\"2\":{\"1\":2,\"2\":0},\"3\":\"Arial\",\"4\":10}}\uee10{\"1\":70,\"2\":{\"2\":{\"1\":3,\"3\":1},\"3\":\"Arial\",\"4\":11,\"5\":1}}\uee10{\"1\":87,\"2\":{\"2\":{\"1\":2,\"2\":0},\"3\":\"Arial\",\"4\":10}}\uee10{\"1\":144,\"2\":{\"2\":{\"1\":3,\"3\":1},\"3\":\"Arial\",\"4\":11,\"5\":1}}\uee10{\"1\":161,\"2\":{\"2\":{\"1\":2,\"2\":0},\"3\":\"Arial\",\"4\":10}}\uee10{\"1\":222,\"2\":{\"2\":{\"1\":3,\"3\":1},\"3\":\"Arial\",\"4\":11,\"5\":1}}\uee10{\"1\":234,\"2\":{\"2\":{\"1\":2,\"2\":0},\"3\":\"Arial\",\"4\":10}}\uee10{\"1\":305,\"2\":{\"2\":{\"1\":3,\"3\":1},\"3\":\"Arial\",\"4\":11,\"5\":1}}\uee10{\"1\":333,\"2\":{\"2\":{\"1\":2,\"2\":0},\"3\":\"Arial\",\"4\":10}}\uee10{\"1\":382,\"2\":{\"2\":{\"1\":3,\"3\":1},\"3\":\"Arial\",\"4\":11,\"5\":1}}\uee10{\"1\":399,\"2\":{\"2\":{\"1\":2,\"2\":0},\"3\":\"Arial\",\"4\":10}}\"><strong>High performance<\/strong><br \/>Charging power of 22kW can deliver a range of up to 120km per hour of charging.<br \/><\/span><\/p>\n<p><span data-sheets-root=\"1\" data-sheets-value=\"{\"1\":2,\"2\":\"Energy management\\nMo\u017enos\u0165 vo\u013eby re\u017eimov nab\u00edjania\\nFast \/ Eco \/ Green.\\nVzdialen\u00fd odpo\u010det\\nVzdialen\u00fd monitoring\\nprostredn\u00edctvom mobilnej aplik\u00e1cie\\nRe\u017eim fotovoltika\\nMo\u017enos\u0165 nab\u00edjania prim\u00e1rne z\\nprebytkov zo slne\u010dnej energie.\\nVysok\u00fd v\u00fdkon\\nNab\u00edjac\u00ed v\u00fdkon 22kW dok\u00e1\u017ee doda\u0165\\ndojazd a\u017e 120km za hodinu nab\u00edjania.\\nInteligentn\u00e9 riadenie v\u00fdkonu\\nNie je potrebn\u00e9 navy\u0161ova\u0165 rezervovan\u00fa\\nkapacitu.\\nVerejn\u00e9 nab\u00edjanie\\nMo\u017enos\u0165 vo\u013eby re\u017eimu so spoplatnen\u00edm\\npre extern\u00fdch u\u017e\u00edvate\u013eov v \u010dase ke\u010f\\nnab\u00edjaciu stanicu nevyu\u017e\u00edvate.\"}\" data-sheets-userformat=\"{\"2\":14847,\"3\":{\"1\":0,\"3\":1},\"4\":{\"1\":2,\"2\":16439766},\"5\":{\"1\":[{\"1\":2,\"2\":0,\"5\":{\"1\":2,\"2\":0}},{\"1\":0,\"2\":0,\"3\":3},{\"1\":1,\"2\":0,\"4\":1}]},\"6\":{\"1\":[{\"1\":2,\"2\":0,\"5\":{\"1\":2,\"2\":0}},{\"1\":0,\"2\":0,\"3\":3},{\"1\":1,\"2\":0,\"4\":1}]},\"7\":{\"1\":[{\"1\":2,\"2\":0,\"5\":{\"1\":2,\"2\":0}},{\"1\":0,\"2\":0,\"3\":3},{\"1\":1,\"2\":0,\"4\":1}]},\"8\":{\"1\":[{\"1\":2,\"2\":0,\"5\":{\"1\":2,\"2\":0}},{\"1\":0,\"2\":0,\"3\":3},{\"1\":1,\"2\":0,\"4\":1}]},\"9\":0,\"10\":0,\"11\":4,\"14\":{\"1\":2,\"2\":0},\"15\":\"Arial\",\"16\":10}\" data-sheets-textstyleruns=\"{\"1\":0,\"2\":{\"2\":{\"1\":3,\"3\":1},\"3\":\"Arial\",\"4\":11,\"5\":1}}\uee10{\"1\":17,\"2\":{\"2\":{\"1\":2,\"2\":0},\"3\":\"Arial\",\"4\":10}}\uee10{\"1\":70,\"2\":{\"2\":{\"1\":3,\"3\":1},\"3\":\"Arial\",\"4\":11,\"5\":1}}\uee10{\"1\":87,\"2\":{\"2\":{\"1\":2,\"2\":0},\"3\":\"Arial\",\"4\":10}}\uee10{\"1\":144,\"2\":{\"2\":{\"1\":3,\"3\":1},\"3\":\"Arial\",\"4\":11,\"5\":1}}\uee10{\"1\":161,\"2\":{\"2\":{\"1\":2,\"2\":0},\"3\":\"Arial\",\"4\":10}}\uee10{\"1\":222,\"2\":{\"2\":{\"1\":3,\"3\":1},\"3\":\"Arial\",\"4\":11,\"5\":1}}\uee10{\"1\":234,\"2\":{\"2\":{\"1\":2,\"2\":0},\"3\":\"Arial\",\"4\":10}}\uee10{\"1\":305,\"2\":{\"2\":{\"1\":3,\"3\":1},\"3\":\"Arial\",\"4\":11,\"5\":1}}\uee10{\"1\":333,\"2\":{\"2\":{\"1\":2,\"2\":0},\"3\":\"Arial\",\"4\":10}}\uee10{\"1\":382,\"2\":{\"2\":{\"1\":3,\"3\":1},\"3\":\"Arial\",\"4\":11,\"5\":1}}\uee10{\"1\":399,\"2\":{\"2\":{\"1\":2,\"2\":0},\"3\":\"Arial\",\"4\":10}}\"><strong>Intelligent power management<\/strong><br \/>There is no need to increase the reserved capacity.<br \/><\/span><\/p>\n<p><span data-sheets-root=\"1\" data-sheets-value=\"{\"1\":2,\"2\":\"Energy management\\nMo\u017enos\u0165 vo\u013eby re\u017eimov nab\u00edjania\\nFast \/ Eco \/ Green.\\nVzdialen\u00fd odpo\u010det\\nVzdialen\u00fd monitoring\\nprostredn\u00edctvom mobilnej aplik\u00e1cie\\nRe\u017eim fotovoltika\\nMo\u017enos\u0165 nab\u00edjania prim\u00e1rne z\\nprebytkov zo slne\u010dnej energie.\\nVysok\u00fd v\u00fdkon\\nNab\u00edjac\u00ed v\u00fdkon 22kW dok\u00e1\u017ee doda\u0165\\ndojazd a\u017e 120km za hodinu nab\u00edjania.\\nInteligentn\u00e9 riadenie v\u00fdkonu\\nNie je potrebn\u00e9 navy\u0161ova\u0165 rezervovan\u00fa\\nkapacitu.\\nVerejn\u00e9 nab\u00edjanie\\nMo\u017enos\u0165 vo\u013eby re\u017eimu so spoplatnen\u00edm\\npre extern\u00fdch u\u017e\u00edvate\u013eov v \u010dase ke\u010f\\nnab\u00edjaciu stanicu nevyu\u017e\u00edvate.\"}\" data-sheets-userformat=\"{\"2\":14847,\"3\":{\"1\":0,\"3\":1},\"4\":{\"1\":2,\"2\":16439766},\"5\":{\"1\":[{\"1\":2,\"2\":0,\"5\":{\"1\":2,\"2\":0}},{\"1\":0,\"2\":0,\"3\":3},{\"1\":1,\"2\":0,\"4\":1}]},\"6\":{\"1\":[{\"1\":2,\"2\":0,\"5\":{\"1\":2,\"2\":0}},{\"1\":0,\"2\":0,\"3\":3},{\"1\":1,\"2\":0,\"4\":1}]},\"7\":{\"1\":[{\"1\":2,\"2\":0,\"5\":{\"1\":2,\"2\":0}},{\"1\":0,\"2\":0,\"3\":3},{\"1\":1,\"2\":0,\"4\":1}]},\"8\":{\"1\":[{\"1\":2,\"2\":0,\"5\":{\"1\":2,\"2\":0}},{\"1\":0,\"2\":0,\"3\":3},{\"1\":1,\"2\":0,\"4\":1}]},\"9\":0,\"10\":0,\"11\":4,\"14\":{\"1\":2,\"2\":0},\"15\":\"Arial\",\"16\":10}\" data-sheets-textstyleruns=\"{\"1\":0,\"2\":{\"2\":{\"1\":3,\"3\":1},\"3\":\"Arial\",\"4\":11,\"5\":1}}\uee10{\"1\":17,\"2\":{\"2\":{\"1\":2,\"2\":0},\"3\":\"Arial\",\"4\":10}}\uee10{\"1\":70,\"2\":{\"2\":{\"1\":3,\"3\":1},\"3\":\"Arial\",\"4\":11,\"5\":1}}\uee10{\"1\":87,\"2\":{\"2\":{\"1\":2,\"2\":0},\"3\":\"Arial\",\"4\":10}}\uee10{\"1\":144,\"2\":{\"2\":{\"1\":3,\"3\":1},\"3\":\"Arial\",\"4\":11,\"5\":1}}\uee10{\"1\":161,\"2\":{\"2\":{\"1\":2,\"2\":0},\"3\":\"Arial\",\"4\":10}}\uee10{\"1\":222,\"2\":{\"2\":{\"1\":3,\"3\":1},\"3\":\"Arial\",\"4\":11,\"5\":1}}\uee10{\"1\":234,\"2\":{\"2\":{\"1\":2,\"2\":0},\"3\":\"Arial\",\"4\":10}}\uee10{\"1\":305,\"2\":{\"2\":{\"1\":3,\"3\":1},\"3\":\"Arial\",\"4\":11,\"5\":1}}\uee10{\"1\":333,\"2\":{\"2\":{\"1\":2,\"2\":0},\"3\":\"Arial\",\"4\":10}}\uee10{\"1\":382,\"2\":{\"2\":{\"1\":3,\"3\":1},\"3\":\"Arial\",\"4\":11,\"5\":1}}\uee10{\"1\":399,\"2\":{\"2\":{\"1\":2,\"2\":0},\"3\":\"Arial\",\"4\":10}}\"><strong>Public charging<\/strong><br \/>Option to choose a charging mode for external users when the charging station is not in use.<\/span><\/p>\n","protected":false},"excerpt":{"rendered":"<p>Safe, smart and easy charging<br \/>of your electric car at home in your garage, under the carport or in the driveway.<br \/>So you can hit the road every day with a full battery.<br \/>SminnHomeBoxSmart smart charging combines the ability to integrate<br \/>with a solar installation and use the green<br \/>energy produced primarily to charge your electric car.<\/p>\n","protected":false},"featured_media":10494,"template":"","meta":{"_acf_changed":false},"product_cat":[468],"product_tag":[],"acf":[],"yoast_head":"<!-- This site is optimized with the Yoast SEO plugin v22.9 - https:\/\/yoast.com\/wordpress\/plugins\/seo\/ -->\n<title>HomeBox Smart AC | Sminn.sk<\/title>\n<meta name=\"robots\" content=\"index, follow, max-snippet:-1, max-image-preview:large, max-video-preview:-1\" \/>\n<link rel=\"canonical\" href=\"https:\/\/www.sminn.sk\/en\/produkt\/homebox-smart-ac\/\" \/>\n<meta property=\"og:locale\" content=\"en_US\" \/>\n<meta property=\"og:type\" content=\"article\" \/>\n<meta property=\"og:title\" content=\"HomeBox Smart AC | Sminn.sk\" \/>\n<meta property=\"og:description\" content=\"Safe, smart and easy chargingof your electric car at home in your garage, under the carport or in the driveway.So you can hit the road every day with a full battery.SminnHomeBoxSmart smart charging combines the ability to integratewith a solar installation and use the greenenergy produced primarily to charge your electric car.\" \/>\n<meta property=\"og:url\" content=\"https:\/\/www.sminn.sk\/en\/produkt\/homebox-smart-ac\/\" \/>\n<meta property=\"og:site_name\" content=\"Sminn.sk\" \/>\n<meta property=\"article:publisher\" content=\"https:\/\/www.facebook.com\/sminnemobility\" \/>\n<meta property=\"article:modified_time\" content=\"2025-12-01T13:49:45+00:00\" \/>\n<meta property=\"og:image\" content=\"https:\/\/www.sminn.sk\/wp-content\/uploads\/2024\/04\/homebox_ac_sminn_1-1.png\" \/>\n\t<meta property=\"og:image:width\" content=\"2161\" \/>\n\t<meta property=\"og:image:height\" content=\"2161\" \/>\n\t<meta property=\"og:image:type\" content=\"image\/png\" \/>\n<meta name=\"twitter:card\" content=\"summary_large_image\" \/>\n<script type=\"application\/ld+json\" class=\"yoast-schema-graph\">{\"@context\":\"https:\/\/schema.org\",\"@graph\":[{\"@type\":\"WebPage\",\"@id\":\"https:\/\/www.sminn.sk\/en\/produkt\/homebox-smart-ac\/\",\"url\":\"https:\/\/www.sminn.sk\/en\/produkt\/homebox-smart-ac\/\",\"name\":\"HomeBox Smart AC | Sminn.sk\",\"isPartOf\":{\"@id\":\"https:\/\/www.sminn.sk\/en\/#website\"},\"primaryImageOfPage\":{\"@id\":\"https:\/\/www.sminn.sk\/en\/produkt\/homebox-smart-ac\/#primaryimage\"},\"image\":{\"@id\":\"https:\/\/www.sminn.sk\/en\/produkt\/homebox-smart-ac\/#primaryimage\"},\"thumbnailUrl\":\"https:\/\/www.sminn.sk\/wp-content\/uploads\/2024\/04\/homebox_ac_sminn_1-1.png\",\"datePublished\":\"2024-04-25T00:37:00+00:00\",\"dateModified\":\"2025-12-01T13:49:45+00:00\",\"breadcrumb\":{\"@id\":\"https:\/\/www.sminn.sk\/en\/produkt\/homebox-smart-ac\/#breadcrumb\"},\"inLanguage\":\"en-US\",\"potentialAction\":[{\"@type\":\"ReadAction\",\"target\":[\"https:\/\/www.sminn.sk\/en\/produkt\/homebox-smart-ac\/\"]}]},{\"@type\":\"ImageObject\",\"inLanguage\":\"en-US\",\"@id\":\"https:\/\/www.sminn.sk\/en\/produkt\/homebox-smart-ac\/#primaryimage\",\"url\":\"https:\/\/www.sminn.sk\/wp-content\/uploads\/2024\/04\/homebox_ac_sminn_1-1.png\",\"contentUrl\":\"https:\/\/www.sminn.sk\/wp-content\/uploads\/2024\/04\/homebox_ac_sminn_1-1.png\",\"width\":2161,\"height\":2161},{\"@type\":\"BreadcrumbList\",\"@id\":\"https:\/\/www.sminn.sk\/en\/produkt\/homebox-smart-ac\/#breadcrumb\",\"itemListElement\":[{\"@type\":\"ListItem\",\"position\":1,\"name\":\"Domov\",\"item\":\"https:\/\/www.sminn.sk\/en\/\"},{\"@type\":\"ListItem\",\"position\":2,\"name\":\"Shop\",\"item\":\"https:\/\/www.sminn.sk\/en\/shop\/\"},{\"@type\":\"ListItem\",\"position\":3,\"name\":\"HomeBox Smart AC\"}]},{\"@type\":\"WebSite\",\"@id\":\"https:\/\/www.sminn.sk\/en\/#website\",\"url\":\"https:\/\/www.sminn.sk\/en\/\",\"name\":\"Sminn.sk\",\"description\":\"\",\"publisher\":{\"@id\":\"https:\/\/www.sminn.sk\/en\/#organization\"},\"potentialAction\":[{\"@type\":\"SearchAction\",\"target\":{\"@type\":\"EntryPoint\",\"urlTemplate\":\"https:\/\/www.sminn.sk\/en\/?s={search_term_string}\"},\"query-input\":\"required name=search_term_string\"}],\"inLanguage\":\"en-US\"},{\"@type\":\"Organization\",\"@id\":\"https:\/\/www.sminn.sk\/en\/#organization\",\"name\":\"Sminn\",\"url\":\"https:\/\/www.sminn.sk\/en\/\",\"logo\":{\"@type\":\"ImageObject\",\"inLanguage\":\"en-US\",\"@id\":\"https:\/\/www.sminn.sk\/en\/#\/schema\/logo\/image\/\",\"url\":\"https:\/\/www.sminn.sk\/wp-content\/uploads\/2024\/03\/SMINN-logo-1.svg\",\"contentUrl\":\"https:\/\/www.sminn.sk\/wp-content\/uploads\/2024\/03\/SMINN-logo-1.svg\",\"width\":135,\"height\":24,\"caption\":\"Sminn\"},\"image\":{\"@id\":\"https:\/\/www.sminn.sk\/en\/#\/schema\/logo\/image\/\"},\"sameAs\":[\"https:\/\/www.facebook.com\/sminnemobility\",\"https:\/\/www.linkedin.com\/company\/sminnsk\/\"]}]}<\/script>\n<!-- \/ Yoast SEO plugin. -->","yoast_head_json":{"title":"HomeBox Smart AC | Sminn.sk","robots":{"index":"index","follow":"follow","max-snippet":"max-snippet:-1","max-image-preview":"max-image-preview:large","max-video-preview":"max-video-preview:-1"},"canonical":"https:\/\/www.sminn.sk\/en\/produkt\/homebox-smart-ac\/","og_locale":"en_US","og_type":"article","og_title":"HomeBox Smart AC | Sminn.sk","og_description":"Safe, smart and easy chargingof your electric car at home in your garage, under the carport or in the driveway.So you can hit the road every day with a full battery.SminnHomeBoxSmart smart charging combines the ability to integratewith a solar installation and use the greenenergy produced primarily to charge your electric car.","og_url":"https:\/\/www.sminn.sk\/en\/produkt\/homebox-smart-ac\/","og_site_name":"Sminn.sk","article_publisher":"https:\/\/www.facebook.com\/sminnemobility","article_modified_time":"2025-12-01T13:49:45+00:00","og_image":[{"width":2161,"height":2161,"url":"https:\/\/www.sminn.sk\/wp-content\/uploads\/2024\/04\/homebox_ac_sminn_1-1.png","type":"image\/png"}],"twitter_card":"summary_large_image","schema":{"@context":"https:\/\/schema.org","@graph":[{"@type":"WebPage","@id":"https:\/\/www.sminn.sk\/en\/produkt\/homebox-smart-ac\/","url":"https:\/\/www.sminn.sk\/en\/produkt\/homebox-smart-ac\/","name":"HomeBox Smart AC | Sminn.sk","isPartOf":{"@id":"https:\/\/www.sminn.sk\/en\/#website"},"primaryImageOfPage":{"@id":"https:\/\/www.sminn.sk\/en\/produkt\/homebox-smart-ac\/#primaryimage"},"image":{"@id":"https:\/\/www.sminn.sk\/en\/produkt\/homebox-smart-ac\/#primaryimage"},"thumbnailUrl":"https:\/\/www.sminn.sk\/wp-content\/uploads\/2024\/04\/homebox_ac_sminn_1-1.png","datePublished":"2024-04-25T00:37:00+00:00","dateModified":"2025-12-01T13:49:45+00:00","breadcrumb":{"@id":"https:\/\/www.sminn.sk\/en\/produkt\/homebox-smart-ac\/#breadcrumb"},"inLanguage":"en-US","potentialAction":[{"@type":"ReadAction","target":["https:\/\/www.sminn.sk\/en\/produkt\/homebox-smart-ac\/"]}]},{"@type":"ImageObject","inLanguage":"en-US","@id":"https:\/\/www.sminn.sk\/en\/produkt\/homebox-smart-ac\/#primaryimage","url":"https:\/\/www.sminn.sk\/wp-content\/uploads\/2024\/04\/homebox_ac_sminn_1-1.png","contentUrl":"https:\/\/www.sminn.sk\/wp-content\/uploads\/2024\/04\/homebox_ac_sminn_1-1.png","width":2161,"height":2161},{"@type":"BreadcrumbList","@id":"https:\/\/www.sminn.sk\/en\/produkt\/homebox-smart-ac\/#breadcrumb","itemListElement":[{"@type":"ListItem","position":1,"name":"Domov","item":"https:\/\/www.sminn.sk\/en\/"},{"@type":"ListItem","position":2,"name":"Shop","item":"https:\/\/www.sminn.sk\/en\/shop\/"},{"@type":"ListItem","position":3,"name":"HomeBox Smart AC"}]},{"@type":"WebSite","@id":"https:\/\/www.sminn.sk\/en\/#website","url":"https:\/\/www.sminn.sk\/en\/","name":"Sminn.sk","description":"","publisher":{"@id":"https:\/\/www.sminn.sk\/en\/#organization"},"potentialAction":[{"@type":"SearchAction","target":{"@type":"EntryPoint","urlTemplate":"https:\/\/www.sminn.sk\/en\/?s={search_term_string}"},"query-input":"required name=search_term_string"}],"inLanguage":"en-US"},{"@type":"Organization","@id":"https:\/\/www.sminn.sk\/en\/#organization","name":"Sminn","url":"https:\/\/www.sminn.sk\/en\/","logo":{"@type":"ImageObject","inLanguage":"en-US","@id":"https:\/\/www.sminn.sk\/en\/#\/schema\/logo\/image\/","url":"https:\/\/www.sminn.sk\/wp-content\/uploads\/2024\/03\/SMINN-logo-1.svg","contentUrl":"https:\/\/www.sminn.sk\/wp-content\/uploads\/2024\/03\/SMINN-logo-1.svg","width":135,"height":24,"caption":"Sminn"},"image":{"@id":"https:\/\/www.sminn.sk\/en\/#\/schema\/logo\/image\/"},"sameAs":["https:\/\/www.facebook.com\/sminnemobility","https:\/\/www.linkedin.com\/company\/sminnsk\/"]}]}},"_links":{"self":[{"href":"https:\/\/www.sminn.sk\/en\/wp-json\/wp\/v2\/product\/10727"}],"collection":[{"href":"https:\/\/www.sminn.sk\/en\/wp-json\/wp\/v2\/product"}],"about":[{"href":"https:\/\/www.sminn.sk\/en\/wp-json\/wp\/v2\/types\/product"}],"wp:featuredmedia":[{"embeddable":true,"href":"https:\/\/www.sminn.sk\/en\/wp-json\/wp\/v2\/media\/10494"}],"wp:attachment":[{"href":"https:\/\/www.sminn.sk\/en\/wp-json\/wp\/v2\/media?parent=10727"}],"wp:term":[{"taxonomy":"product_cat","embeddable":true,"href":"https:\/\/www.sminn.sk\/en\/wp-json\/wp\/v2\/product_cat?post=10727"},{"taxonomy":"product_tag","embeddable":true,"href":"https:\/\/www.sminn.sk\/en\/wp-json\/wp\/v2\/product_tag?post=10727"}],"curies":[{"name":"wp","href":"https:\/\/api.w.org\/{rel}","templated":true}]}}