{"id":10726,"date":"2024-04-25T02:37:00","date_gmt":"2024-04-25T00:37:00","guid":{"rendered":"https:\/\/www.sminn.sk\/produkt\/mobile-charging-station-green-cell-16a-3-6kw\/"},"modified":"2025-12-01T14:49:09","modified_gmt":"2025-12-01T13:49:09","slug":"mobile-charging-station-green-cell-16a-3-6kw","status":"publish","type":"product","link":"https:\/\/www.sminn.sk\/en\/produkt\/mobile-charging-station-green-cell-16a-3-6kw\/","title":{"rendered":"Mobile charging station Green Cell 16A 3.6kW"},"content":{"rendered":"<p><span data-sheets-root=\"1\" data-sheets-value=\"{\"1\":2,\"2\":\"Nab\u00edjac\u00ed k\u00e1bel DELTACO e-Charge EV-1225 je vhodn\u00fd pre v\u0161etky vozidl\u00e1 so z\u00e1suvkou Type2 pre t\u00fdch, ktor\u00ed chc\u00fa nab\u00edja\u0165 cez \u0161tandardn\u00fa z\u00e1suvku typu Schuko takzvan\u00e9 nab\u00edjanie v re\u017eime 2. Nab\u00edjac\u00ed v\u00fdkon a\u017e 3,6 kW. Nastavite\u013en\u00fd nab\u00edjac\u00ed pr\u00fad medzi 10A alebo 16A. Postriebren\u00e9 spoje zaru\u010duj\u00fa dobr\u00fd kontakt a dlh\u00fa \u017eivotnos\u0165. Konektor Type2 je vybaven\u00fd protiprachov\u00fdm krytom na ochranu pred prachom, ne\u010distotami a vlhkos\u0165ou po\u010das skladovania. K\u00e1blov\u00fd ovl\u00e1dac\u00ed box m\u00e1 zabudovan\u00fd isti\u010d uzemnenia typu A a 6mA DC filter.\\nK\u00e1bel je vyroben\u00fd z TPE materi\u00e1lu, ktor\u00fd poskytuje dobr\u00fa odolnos\u0165 vo\u010di olejom, oderu a UV \u017eiareniu. K\u00e1bel je flexibiln\u00fd aj v chlade. Z\u00e1suvky typu 2 s\u00fa dnes \u0161tandardom E\u00da, aut\u00e1 od v\u00fdrobcov napr. AUDI, BMW, Hyundai, KIA, Mercedes, Porsche, Seat, \u0160koda, Tesla, Volkswagen, Volvo v\u0161etky pou\u017e\u00edvaj\u00fa z\u00e1suvky typu 2.\\nNab\u00edjanie auta je monitorovan\u00e9 prostredn\u00edctvom obojsmernej komunik\u00e1cie medzi autom a riadiacou skrinkou. Ke\u010f je k\u00e1bel pripojen\u00fd k autu, vykon\u00e1 sa autotest, ktor\u00fd zaist\u00ed, \u017ee k\u00e1bel je spr\u00e1vne pripojen\u00fd a \u017ee auto je pripraven\u00e9 na nab\u00edjanie. Predt\u00fdm ako sa za\u010dne nab\u00edjanie a kontroln\u00e1 skrinka nap\u00e1ja k\u00e1bel, je z\u00e1str\u010dka v aute mechanicky uzamknut\u00e1.\\nKrytie pod\u013ea IP 54. K\u00e1blov\u00fd ovl\u00e1dac\u00ed box m\u00e1 zabudovan\u00fd isti\u010d poruchy zemnenia a DC filter. V pr\u00edpade poruchy uzemnenia sa nap\u00e1janie vypne. Po nabit\u00ed odomknite auto, aby sa otvoril mechanick\u00fd z\u00e1mok a vyberte z\u00e1str\u010dku nab\u00edjacieho k\u00e1bla.Nesm\u00fa sa pou\u017e\u00edva\u0165 predl\u017eovacie k\u00e1ble. K\u00e1bel sa nesmie opravova\u0165 ani sp\u00e1ja\u0165, preto\u017ee to m\u00f4\u017ee ovplyvni\u0165 jeho bezpe\u010dnos\u0165 a funkciu.\"}\" data-sheets-userformat=\"{\"2\":14847,\"3\":{\"1\":0,\"3\":1},\"4\":{\"1\":2,\"2\":16439766},\"5\":{\"1\":[{\"1\":2,\"2\":0,\"5\":{\"1\":2,\"2\":0}},{\"1\":0,\"2\":0,\"3\":3},{\"1\":1,\"2\":0,\"4\":1}]},\"6\":{\"1\":[{\"1\":2,\"2\":0,\"5\":{\"1\":2,\"2\":0}},{\"1\":0,\"2\":0,\"3\":3},{\"1\":1,\"2\":0,\"4\":1}]},\"7\":{\"1\":[{\"1\":2,\"2\":0,\"5\":{\"1\":2,\"2\":0}},{\"1\":0,\"2\":0,\"3\":3},{\"1\":1,\"2\":0,\"4\":1}]},\"8\":{\"1\":[{\"1\":2,\"2\":0,\"5\":{\"1\":2,\"2\":0}},{\"1\":0,\"2\":0,\"3\":3},{\"1\":1,\"2\":0,\"4\":1}]},\"9\":0,\"10\":0,\"11\":4,\"14\":{\"1\":2,\"2\":0},\"15\":\"Arial\",\"16\":10}\">The DELTACO e-Charge EV-1225 charging cable is suitable for all vehicles with a Type2 socket for those who want to charge via a standard Schuko socket, so-called Mode 2 charging. Charging power up to 3.6 kW. Adjustable charging current between 10A or 16A. Silver-plated connections guarantee good contact and long life. The Type2 connector is equipped with a dust cover to protect it from dust, dirt and moisture during storage. The cable control box has a built-in Type A ground fault circuit breaker and a 6mA DC filter.<br \/>The cable is made of TPE material which provides good resistance to oil, abrasion and UV rays. The cable is flexible even in cold weather. Type 2 sockets are now the EU standard, cars from manufacturers e.g. AUDI, BMW, Hyundai, KIA, Mercedes, Porsche, Seat, Skoda, Tesla, Volkswagen, Volvo all use type 2 sockets.<br \/>Charging of the car is monitored by two-way communication between the car and the control box. When the cable is connected to the car, a self-test is performed to ensure that the cable is connected correctly and that the car is ready for charging. The plug in the car is mechanically locked before charging begins and the control box powers the cable.<br \/>Protection according to IP 54. The cable control box has a built-in earth fault circuit breaker and DC filter. In the event of a ground fault, the power supply will be switched off. After charging, unlock the car to open the mechanical lock and remove the charging cable plug.Extension cables must not be used. The cable must not be repaired or spliced as this may affect its safety and function.<\/span><\/p>\n","protected":false},"excerpt":{"rendered":"<p>The portable charging station is the ideal partner for every electric car. Just plug it into a regular 230V socket and you can charge your electric car wherever you need it.<\/p>\n","protected":false},"featured_media":10502,"template":"","meta":{"_acf_changed":false},"product_cat":[468],"product_tag":[],"acf":[],"yoast_head":"<!-- This site is optimized with the Yoast SEO plugin v22.9 - https:\/\/yoast.com\/wordpress\/plugins\/seo\/ -->\n<title>Mobile charging station Green Cell 16A 3.6kW | Sminn.sk<\/title>\n<meta name=\"description\" content=\"Just plug the portable charging station into a regular 230V socket and you can charge your electric car wherever you need it.\" \/>\n<meta name=\"robots\" content=\"index, follow, max-snippet:-1, max-image-preview:large, max-video-preview:-1\" \/>\n<link rel=\"canonical\" href=\"https:\/\/www.sminn.sk\/en\/produkt\/mobile-charging-station-green-cell-16a-3-6kw\/\" \/>\n<meta property=\"og:locale\" content=\"en_US\" \/>\n<meta property=\"og:type\" content=\"article\" \/>\n<meta property=\"og:title\" content=\"Mobile charging station Green Cell 16A 3.6kW | Sminn.sk\" \/>\n<meta property=\"og:description\" content=\"Just plug the portable charging station into a regular 230V socket and you can charge your electric car wherever you need it.\" \/>\n<meta property=\"og:url\" content=\"https:\/\/www.sminn.sk\/en\/produkt\/mobile-charging-station-green-cell-16a-3-6kw\/\" \/>\n<meta property=\"og:site_name\" content=\"Sminn.sk\" \/>\n<meta property=\"article:publisher\" content=\"https:\/\/www.facebook.com\/sminnemobility\" \/>\n<meta property=\"article:modified_time\" content=\"2025-12-01T13:49:09+00:00\" \/>\n<meta property=\"og:image\" content=\"https:\/\/www.sminn.sk\/wp-content\/uploads\/2024\/04\/mobil_charging_station_greencell_3.6kW_sminn_1.png\" \/>\n\t<meta property=\"og:image:width\" content=\"500\" \/>\n\t<meta property=\"og:image:height\" content=\"500\" \/>\n\t<meta property=\"og:image:type\" content=\"image\/png\" \/>\n<meta name=\"twitter:card\" content=\"summary_large_image\" \/>\n<meta name=\"twitter:label1\" content=\"Est. reading time\" \/>\n\t<meta name=\"twitter:data1\" content=\"1 minute\" \/>\n<script type=\"application\/ld+json\" class=\"yoast-schema-graph\">{\"@context\":\"https:\/\/schema.org\",\"@graph\":[{\"@type\":\"WebPage\",\"@id\":\"https:\/\/www.sminn.sk\/en\/produkt\/mobile-charging-station-green-cell-16a-3-6kw\/\",\"url\":\"https:\/\/www.sminn.sk\/en\/produkt\/mobile-charging-station-green-cell-16a-3-6kw\/\",\"name\":\"Mobile charging station Green Cell 16A 3.6kW | Sminn.sk\",\"isPartOf\":{\"@id\":\"https:\/\/www.sminn.sk\/en\/#website\"},\"primaryImageOfPage\":{\"@id\":\"https:\/\/www.sminn.sk\/en\/produkt\/mobile-charging-station-green-cell-16a-3-6kw\/#primaryimage\"},\"image\":{\"@id\":\"https:\/\/www.sminn.sk\/en\/produkt\/mobile-charging-station-green-cell-16a-3-6kw\/#primaryimage\"},\"thumbnailUrl\":\"https:\/\/www.sminn.sk\/wp-content\/uploads\/2024\/04\/mobil_charging_station_greencell_3.6kW_sminn_1.png\",\"datePublished\":\"2024-04-25T00:37:00+00:00\",\"dateModified\":\"2025-12-01T13:49:09+00:00\",\"description\":\"Just plug the portable charging station into a regular 230V socket and you can charge your electric car wherever you need it.\",\"breadcrumb\":{\"@id\":\"https:\/\/www.sminn.sk\/en\/produkt\/mobile-charging-station-green-cell-16a-3-6kw\/#breadcrumb\"},\"inLanguage\":\"en-US\",\"potentialAction\":[{\"@type\":\"ReadAction\",\"target\":[\"https:\/\/www.sminn.sk\/en\/produkt\/mobile-charging-station-green-cell-16a-3-6kw\/\"]}]},{\"@type\":\"ImageObject\",\"inLanguage\":\"en-US\",\"@id\":\"https:\/\/www.sminn.sk\/en\/produkt\/mobile-charging-station-green-cell-16a-3-6kw\/#primaryimage\",\"url\":\"https:\/\/www.sminn.sk\/wp-content\/uploads\/2024\/04\/mobil_charging_station_greencell_3.6kW_sminn_1.png\",\"contentUrl\":\"https:\/\/www.sminn.sk\/wp-content\/uploads\/2024\/04\/mobil_charging_station_greencell_3.6kW_sminn_1.png\",\"width\":500,\"height\":500},{\"@type\":\"BreadcrumbList\",\"@id\":\"https:\/\/www.sminn.sk\/en\/produkt\/mobile-charging-station-green-cell-16a-3-6kw\/#breadcrumb\",\"itemListElement\":[{\"@type\":\"ListItem\",\"position\":1,\"name\":\"Domov\",\"item\":\"https:\/\/www.sminn.sk\/en\/\"},{\"@type\":\"ListItem\",\"position\":2,\"name\":\"Shop\",\"item\":\"https:\/\/www.sminn.sk\/en\/shop\/\"},{\"@type\":\"ListItem\",\"position\":3,\"name\":\"Mobile charging station Green Cell 16A 3.6kW\"}]},{\"@type\":\"WebSite\",\"@id\":\"https:\/\/www.sminn.sk\/en\/#website\",\"url\":\"https:\/\/www.sminn.sk\/en\/\",\"name\":\"Sminn.sk\",\"description\":\"\",\"publisher\":{\"@id\":\"https:\/\/www.sminn.sk\/en\/#organization\"},\"potentialAction\":[{\"@type\":\"SearchAction\",\"target\":{\"@type\":\"EntryPoint\",\"urlTemplate\":\"https:\/\/www.sminn.sk\/en\/?s={search_term_string}\"},\"query-input\":\"required name=search_term_string\"}],\"inLanguage\":\"en-US\"},{\"@type\":\"Organization\",\"@id\":\"https:\/\/www.sminn.sk\/en\/#organization\",\"name\":\"Sminn\",\"url\":\"https:\/\/www.sminn.sk\/en\/\",\"logo\":{\"@type\":\"ImageObject\",\"inLanguage\":\"en-US\",\"@id\":\"https:\/\/www.sminn.sk\/en\/#\/schema\/logo\/image\/\",\"url\":\"https:\/\/www.sminn.sk\/wp-content\/uploads\/2024\/03\/SMINN-logo-1.svg\",\"contentUrl\":\"https:\/\/www.sminn.sk\/wp-content\/uploads\/2024\/03\/SMINN-logo-1.svg\",\"width\":135,\"height\":24,\"caption\":\"Sminn\"},\"image\":{\"@id\":\"https:\/\/www.sminn.sk\/en\/#\/schema\/logo\/image\/\"},\"sameAs\":[\"https:\/\/www.facebook.com\/sminnemobility\",\"https:\/\/www.linkedin.com\/company\/sminnsk\/\"]}]}<\/script>\n<!-- \/ Yoast SEO plugin. -->","yoast_head_json":{"title":"Mobile charging station Green Cell 16A 3.6kW | Sminn.sk","description":"Just plug the portable charging station into a regular 230V socket and you can charge your electric car wherever you need it.","robots":{"index":"index","follow":"follow","max-snippet":"max-snippet:-1","max-image-preview":"max-image-preview:large","max-video-preview":"max-video-preview:-1"},"canonical":"https:\/\/www.sminn.sk\/en\/produkt\/mobile-charging-station-green-cell-16a-3-6kw\/","og_locale":"en_US","og_type":"article","og_title":"Mobile charging station Green Cell 16A 3.6kW | Sminn.sk","og_description":"Just plug the portable charging station into a regular 230V socket and you can charge your electric car wherever you need it.","og_url":"https:\/\/www.sminn.sk\/en\/produkt\/mobile-charging-station-green-cell-16a-3-6kw\/","og_site_name":"Sminn.sk","article_publisher":"https:\/\/www.facebook.com\/sminnemobility","article_modified_time":"2025-12-01T13:49:09+00:00","og_image":[{"width":500,"height":500,"url":"https:\/\/www.sminn.sk\/wp-content\/uploads\/2024\/04\/mobil_charging_station_greencell_3.6kW_sminn_1.png","type":"image\/png"}],"twitter_card":"summary_large_image","twitter_misc":{"Est. reading time":"1 minute"},"schema":{"@context":"https:\/\/schema.org","@graph":[{"@type":"WebPage","@id":"https:\/\/www.sminn.sk\/en\/produkt\/mobile-charging-station-green-cell-16a-3-6kw\/","url":"https:\/\/www.sminn.sk\/en\/produkt\/mobile-charging-station-green-cell-16a-3-6kw\/","name":"Mobile charging station Green Cell 16A 3.6kW | Sminn.sk","isPartOf":{"@id":"https:\/\/www.sminn.sk\/en\/#website"},"primaryImageOfPage":{"@id":"https:\/\/www.sminn.sk\/en\/produkt\/mobile-charging-station-green-cell-16a-3-6kw\/#primaryimage"},"image":{"@id":"https:\/\/www.sminn.sk\/en\/produkt\/mobile-charging-station-green-cell-16a-3-6kw\/#primaryimage"},"thumbnailUrl":"https:\/\/www.sminn.sk\/wp-content\/uploads\/2024\/04\/mobil_charging_station_greencell_3.6kW_sminn_1.png","datePublished":"2024-04-25T00:37:00+00:00","dateModified":"2025-12-01T13:49:09+00:00","description":"Just plug the portable charging station into a regular 230V socket and you can charge your electric car wherever you need it.","breadcrumb":{"@id":"https:\/\/www.sminn.sk\/en\/produkt\/mobile-charging-station-green-cell-16a-3-6kw\/#breadcrumb"},"inLanguage":"en-US","potentialAction":[{"@type":"ReadAction","target":["https:\/\/www.sminn.sk\/en\/produkt\/mobile-charging-station-green-cell-16a-3-6kw\/"]}]},{"@type":"ImageObject","inLanguage":"en-US","@id":"https:\/\/www.sminn.sk\/en\/produkt\/mobile-charging-station-green-cell-16a-3-6kw\/#primaryimage","url":"https:\/\/www.sminn.sk\/wp-content\/uploads\/2024\/04\/mobil_charging_station_greencell_3.6kW_sminn_1.png","contentUrl":"https:\/\/www.sminn.sk\/wp-content\/uploads\/2024\/04\/mobil_charging_station_greencell_3.6kW_sminn_1.png","width":500,"height":500},{"@type":"BreadcrumbList","@id":"https:\/\/www.sminn.sk\/en\/produkt\/mobile-charging-station-green-cell-16a-3-6kw\/#breadcrumb","itemListElement":[{"@type":"ListItem","position":1,"name":"Domov","item":"https:\/\/www.sminn.sk\/en\/"},{"@type":"ListItem","position":2,"name":"Shop","item":"https:\/\/www.sminn.sk\/en\/shop\/"},{"@type":"ListItem","position":3,"name":"Mobile charging station Green Cell 16A 3.6kW"}]},{"@type":"WebSite","@id":"https:\/\/www.sminn.sk\/en\/#website","url":"https:\/\/www.sminn.sk\/en\/","name":"Sminn.sk","description":"","publisher":{"@id":"https:\/\/www.sminn.sk\/en\/#organization"},"potentialAction":[{"@type":"SearchAction","target":{"@type":"EntryPoint","urlTemplate":"https:\/\/www.sminn.sk\/en\/?s={search_term_string}"},"query-input":"required name=search_term_string"}],"inLanguage":"en-US"},{"@type":"Organization","@id":"https:\/\/www.sminn.sk\/en\/#organization","name":"Sminn","url":"https:\/\/www.sminn.sk\/en\/","logo":{"@type":"ImageObject","inLanguage":"en-US","@id":"https:\/\/www.sminn.sk\/en\/#\/schema\/logo\/image\/","url":"https:\/\/www.sminn.sk\/wp-content\/uploads\/2024\/03\/SMINN-logo-1.svg","contentUrl":"https:\/\/www.sminn.sk\/wp-content\/uploads\/2024\/03\/SMINN-logo-1.svg","width":135,"height":24,"caption":"Sminn"},"image":{"@id":"https:\/\/www.sminn.sk\/en\/#\/schema\/logo\/image\/"},"sameAs":["https:\/\/www.facebook.com\/sminnemobility","https:\/\/www.linkedin.com\/company\/sminnsk\/"]}]}},"_links":{"self":[{"href":"https:\/\/www.sminn.sk\/en\/wp-json\/wp\/v2\/product\/10726"}],"collection":[{"href":"https:\/\/www.sminn.sk\/en\/wp-json\/wp\/v2\/product"}],"about":[{"href":"https:\/\/www.sminn.sk\/en\/wp-json\/wp\/v2\/types\/product"}],"wp:featuredmedia":[{"embeddable":true,"href":"https:\/\/www.sminn.sk\/en\/wp-json\/wp\/v2\/media\/10502"}],"wp:attachment":[{"href":"https:\/\/www.sminn.sk\/en\/wp-json\/wp\/v2\/media?parent=10726"}],"wp:term":[{"taxonomy":"product_cat","embeddable":true,"href":"https:\/\/www.sminn.sk\/en\/wp-json\/wp\/v2\/product_cat?post=10726"},{"taxonomy":"product_tag","embeddable":true,"href":"https:\/\/www.sminn.sk\/en\/wp-json\/wp\/v2\/product_tag?post=10726"}],"curies":[{"name":"wp","href":"https:\/\/api.w.org\/{rel}","templated":true}]}}